{"id":6859,"date":"2021-06-02T20:59:10","date_gmt":"2021-06-02T18:59:10","guid":{"rendered":"https:\/\/eterle.cz\/eshopprodukt\/sada-sesti-salku\/"},"modified":"2025-02-16T03:05:52","modified_gmt":"2025-02-16T02:05:52","slug":"sada-sesti-salku","status":"publish","type":"product","link":"https:\/\/eterle.cz\/eshop\/produkt\/sada-sesti-salku\/","title":{"rendered":"Sada \u0161esti \u0161\u00e1lk\u016f"},"content":{"rendered":"<p>K\u00e1vov\u00e1 \u010di mocca souprava z \u010desk\u00e9ho porcel\u00e1nu. Luxusn\u00ed v\u00fdrobek karlovarsk\u00e9 tov\u00e1rny na porcel\u00e1n v Bo\u017e\u00ed\u010danech, zna\u010deno MSB. Sada je ide\u00e1ln\u00edch pro n\u00e1v\u0161t\u011bvu, ka\u017ed\u00fd m\u00e1 toti\u017e jinou barvu a tak si dob\u0159e zapamatujete, komu pat\u0159\u00ed.<\/p>\n<p>Zna\u010dka: Bo\u017e\u00ed\u010dany<br \/>\nStav: bez po\u0161kozen\u00ed, pouze zlat\u00e1 barva dole na ou\u0161ku je set\u0159en\u00e1<br \/>\nRozm\u011br:<br \/>\nV\u00fd\u0161ka: 5 cm<br \/>\nPr\u016fm\u011br: 8 cm<br \/>\nObjem: 125 ml<\/p>\n","protected":false},"excerpt":{"rendered":"<p>K\u00e1vov\u00e1 \u010di mocca souprava z \u010desk\u00e9ho porcel\u00e1nu. Luxusn\u00ed v\u00fdrobek karlovarsk\u00e9 tov\u00e1rny na porcel\u00e1n v Bo\u017e\u00ed\u010danech, zna\u010deno MSB. Sada je ide\u00e1ln\u00edch<\/p>\n","protected":false},"featured_media":6860,"template":"","meta":[],"product_brand":[153],"product_cat":[91],"product_tag":[],"class_list":{"0":"post-6859","1":"product","2":"type-product","3":"status-publish","4":"has-post-thumbnail","6":"product_brand-eterle-cz","7":"product_cat-prodane","9":"first","10":"outofstock","11":"purchasable","12":"product-type-simple"},"_links":{"self":[{"href":"https:\/\/eterle.cz\/eshop\/wp-json\/wp\/v2\/product\/6859","targetHints":{"allow":["GET"]}}],"collection":[{"href":"https:\/\/eterle.cz\/eshop\/wp-json\/wp\/v2\/product"}],"about":[{"href":"https:\/\/eterle.cz\/eshop\/wp-json\/wp\/v2\/types\/product"}],"version-history":[{"count":0,"href":"https:\/\/eterle.cz\/eshop\/wp-json\/wp\/v2\/product\/6859\/revisions"}],"wp:featuredmedia":[{"embeddable":true,"href":"https:\/\/eterle.cz\/eshop\/wp-json\/wp\/v2\/media\/6860"}],"wp:attachment":[{"href":"https:\/\/eterle.cz\/eshop\/wp-json\/wp\/v2\/media?parent=6859"}],"wp:term":[{"taxonomy":"product_brand","embeddable":true,"href":"https:\/\/eterle.cz\/eshop\/wp-json\/wp\/v2\/product_brand?post=6859"},{"taxonomy":"product_cat","embeddable":true,"href":"https:\/\/eterle.cz\/eshop\/wp-json\/wp\/v2\/product_cat?post=6859"},{"taxonomy":"product_tag","embeddable":true,"href":"https:\/\/eterle.cz\/eshop\/wp-json\/wp\/v2\/product_tag?post=6859"}],"curies":[{"name":"wp","href":"https:\/\/api.w.org\/{rel}","templated":true}]}}