{"id":6869,"date":"2021-06-02T20:59:33","date_gmt":"2021-06-02T18:59:33","guid":{"rendered":"https:\/\/eterle.cz\/eshopprodukt\/karafa-5\/"},"modified":"2025-02-16T03:05:01","modified_gmt":"2025-02-16T02:05:01","slug":"karafa-5","status":"publish","type":"product","link":"https:\/\/eterle.cz\/eshop\/produkt\/karafa-5\/","title":{"rendered":"Karafa"},"content":{"rendered":"<p>Neobvykl\u00e1 velikost karafy se zabrou\u0161en\u00fdm \u0161puntem. Vhodn\u00e1 na trochu lik\u00e9ru, ale i na olej \u010di ocet. P\u0159\u00edpadn\u011b pokdu ji dopln\u00edte je\u0161t\u011b dv\u011bma karafami jin\u00fdch v\u00fd\u0161ek \u010di tvar\u016f, utvo\u0159\u00ed kr\u00e1snou dekoraci i bez jak\u00fdchkoliv tekutin.<\/p>\n<p>Zna\u010dka:<br \/>\nStav: perfektn\u00ed<br \/>\nRozm\u011br:<br \/>\nV\u00fd\u0161ka: 8,5 cm, 13 cm se \u0161puntem<br \/>\nPr\u016fm\u011br: 9,5 cm<br \/>\nObjem: 250 ml<\/p>\n","protected":false},"excerpt":{"rendered":"<p>Neobvykl\u00e1 velikost karafy se zabrou\u0161en\u00fdm \u0161puntem. Vhodn\u00e1 na trochu lik\u00e9ru, ale i na olej \u010di ocet. P\u0159\u00edpadn\u011b pokdu ji dopln\u00edte<\/p>\n","protected":false},"featured_media":6870,"template":"","meta":[],"product_brand":[153],"product_cat":[91],"product_tag":[],"class_list":{"0":"post-6869","1":"product","2":"type-product","3":"status-publish","4":"has-post-thumbnail","6":"product_brand-eterle-cz","7":"product_cat-prodane","9":"first","10":"outofstock","11":"purchasable","12":"product-type-simple"},"_links":{"self":[{"href":"https:\/\/eterle.cz\/eshop\/wp-json\/wp\/v2\/product\/6869","targetHints":{"allow":["GET"]}}],"collection":[{"href":"https:\/\/eterle.cz\/eshop\/wp-json\/wp\/v2\/product"}],"about":[{"href":"https:\/\/eterle.cz\/eshop\/wp-json\/wp\/v2\/types\/product"}],"version-history":[{"count":0,"href":"https:\/\/eterle.cz\/eshop\/wp-json\/wp\/v2\/product\/6869\/revisions"}],"wp:featuredmedia":[{"embeddable":true,"href":"https:\/\/eterle.cz\/eshop\/wp-json\/wp\/v2\/media\/6870"}],"wp:attachment":[{"href":"https:\/\/eterle.cz\/eshop\/wp-json\/wp\/v2\/media?parent=6869"}],"wp:term":[{"taxonomy":"product_brand","embeddable":true,"href":"https:\/\/eterle.cz\/eshop\/wp-json\/wp\/v2\/product_brand?post=6869"},{"taxonomy":"product_cat","embeddable":true,"href":"https:\/\/eterle.cz\/eshop\/wp-json\/wp\/v2\/product_cat?post=6869"},{"taxonomy":"product_tag","embeddable":true,"href":"https:\/\/eterle.cz\/eshop\/wp-json\/wp\/v2\/product_tag?post=6869"}],"curies":[{"name":"wp","href":"https:\/\/api.w.org\/{rel}","templated":true}]}}