{"id":6873,"date":"2021-06-02T20:59:40","date_gmt":"2021-06-02T18:59:40","guid":{"rendered":"https:\/\/eterle.cz\/eshopprodukt\/sklenicky-na-whisky\/"},"modified":"2025-03-13T21:38:22","modified_gmt":"2025-03-13T20:38:22","slug":"sklenicky-na-whisky","status":"publish","type":"product","link":"https:\/\/eterle.cz\/eshop\/produkt\/sklenicky-na-whisky\/","title":{"rendered":"Sada skleni\u010dek na whisky"},"content":{"rendered":"<p>Skleni\u010dky na whisky s dekorem holandsk\u00e9ho venkova. P\u0159ibli\u017en\u00e1 datace 70.-80. l\u00e9ta minul\u00e9ho stolet\u00ed.<\/p>\n<p>Stav: perfektn\u00ed, jen na jedn\u00e9 skleni\u010dce na p\u00e1r m\u00edstech set\u0159en\u00e9 p\u00edskov\u00e1n\u00ed<br \/>\nRozm\u011br:<br \/>\nV\u00fd\u0161ka: 7 cm<br \/>\nPr\u016fm\u011br: 6 cm<br \/>\nObjem: 160 cm<\/p>\n","protected":false},"excerpt":{"rendered":"<p>Skleni\u010dky na whisky s dekorem holandsk\u00e9ho venkova. P\u0159ibli\u017en\u00e1 datace 70.-80. l\u00e9ta minul\u00e9ho stolet\u00ed. Stav: perfektn\u00ed, jen na jedn\u00e9 skleni\u010dce na<\/p>\n","protected":false},"featured_media":6874,"template":"","meta":[],"product_brand":[153],"product_cat":[91],"product_tag":[],"class_list":{"0":"post-6873","1":"product","2":"type-product","3":"status-publish","4":"has-post-thumbnail","6":"product_brand-eterle-cz","7":"product_cat-prodane","9":"first","10":"outofstock","11":"sale","12":"purchasable","13":"product-type-simple"},"_links":{"self":[{"href":"https:\/\/eterle.cz\/eshop\/wp-json\/wp\/v2\/product\/6873","targetHints":{"allow":["GET"]}}],"collection":[{"href":"https:\/\/eterle.cz\/eshop\/wp-json\/wp\/v2\/product"}],"about":[{"href":"https:\/\/eterle.cz\/eshop\/wp-json\/wp\/v2\/types\/product"}],"version-history":[{"count":1,"href":"https:\/\/eterle.cz\/eshop\/wp-json\/wp\/v2\/product\/6873\/revisions"}],"predecessor-version":[{"id":10603,"href":"https:\/\/eterle.cz\/eshop\/wp-json\/wp\/v2\/product\/6873\/revisions\/10603"}],"wp:featuredmedia":[{"embeddable":true,"href":"https:\/\/eterle.cz\/eshop\/wp-json\/wp\/v2\/media\/6874"}],"wp:attachment":[{"href":"https:\/\/eterle.cz\/eshop\/wp-json\/wp\/v2\/media?parent=6873"}],"wp:term":[{"taxonomy":"product_brand","embeddable":true,"href":"https:\/\/eterle.cz\/eshop\/wp-json\/wp\/v2\/product_brand?post=6873"},{"taxonomy":"product_cat","embeddable":true,"href":"https:\/\/eterle.cz\/eshop\/wp-json\/wp\/v2\/product_cat?post=6873"},{"taxonomy":"product_tag","embeddable":true,"href":"https:\/\/eterle.cz\/eshop\/wp-json\/wp\/v2\/product_tag?post=6873"}],"curies":[{"name":"wp","href":"https:\/\/api.w.org\/{rel}","templated":true}]}}