{"id":6886,"date":"2021-06-02T21:00:08","date_gmt":"2021-06-02T19:00:08","guid":{"rendered":"https:\/\/eterle.cz\/eshopprodukt\/retro-detska-stolicka\/"},"modified":"2025-02-16T03:05:00","modified_gmt":"2025-02-16T02:05:00","slug":"retro-detska-stolicka","status":"publish","type":"product","link":"https:\/\/eterle.cz\/eshop\/produkt\/retro-detska-stolicka\/","title":{"rendered":"Retro d\u011btsk\u00e1 stoli\u010dka"},"content":{"rendered":"<p>Obl\u00edben\u00e1 retro stoli\u010dka ze 70. &#8211; 80. let, kterou si mnoz\u00ed dosp\u011bl\u00ed pamatuj\u00ed z ml\u00e1d\u00ed. D\u011bri na n\u00ed asi moc neposed\u00ed, rad\u011bji ji oto\u010d\u00ed a budou s n\u00ed drandit po byt\u011b. Dop\u0159ejte jim trochu z\u00e1bavy.<\/p>\n<p>Stav: p\u016fvodn\u00ed stav s patinou &#8211; barva m\u00edsty od\u0159en\u00e1<br \/>\nRozm\u011br:<br \/>\nV\u00fd\u0161ka: 17 cm<br \/>\nRozm\u011br: 31 x 17 cm<\/p>\n","protected":false},"excerpt":{"rendered":"<p>Obl\u00edben\u00e1 retro stoli\u010dka ze 70. &#8211; 80. let, kterou si mnoz\u00ed dosp\u011bl\u00ed pamatuj\u00ed z ml\u00e1d\u00ed. D\u011bri na n\u00ed asi moc<\/p>\n","protected":false},"featured_media":6887,"template":"","meta":[],"product_brand":[153],"product_cat":[91],"product_tag":[],"class_list":{"0":"post-6886","1":"product","2":"type-product","3":"status-publish","4":"has-post-thumbnail","6":"product_brand-eterle-cz","7":"product_cat-prodane","9":"first","10":"outofstock","11":"purchasable","12":"product-type-simple"},"_links":{"self":[{"href":"https:\/\/eterle.cz\/eshop\/wp-json\/wp\/v2\/product\/6886","targetHints":{"allow":["GET"]}}],"collection":[{"href":"https:\/\/eterle.cz\/eshop\/wp-json\/wp\/v2\/product"}],"about":[{"href":"https:\/\/eterle.cz\/eshop\/wp-json\/wp\/v2\/types\/product"}],"version-history":[{"count":1,"href":"https:\/\/eterle.cz\/eshop\/wp-json\/wp\/v2\/product\/6886\/revisions"}],"predecessor-version":[{"id":7221,"href":"https:\/\/eterle.cz\/eshop\/wp-json\/wp\/v2\/product\/6886\/revisions\/7221"}],"wp:featuredmedia":[{"embeddable":true,"href":"https:\/\/eterle.cz\/eshop\/wp-json\/wp\/v2\/media\/6887"}],"wp:attachment":[{"href":"https:\/\/eterle.cz\/eshop\/wp-json\/wp\/v2\/media?parent=6886"}],"wp:term":[{"taxonomy":"product_brand","embeddable":true,"href":"https:\/\/eterle.cz\/eshop\/wp-json\/wp\/v2\/product_brand?post=6886"},{"taxonomy":"product_cat","embeddable":true,"href":"https:\/\/eterle.cz\/eshop\/wp-json\/wp\/v2\/product_cat?post=6886"},{"taxonomy":"product_tag","embeddable":true,"href":"https:\/\/eterle.cz\/eshop\/wp-json\/wp\/v2\/product_tag?post=6886"}],"curies":[{"name":"wp","href":"https:\/\/api.w.org\/{rel}","templated":true}]}}