{"id":6892,"date":"2021-06-02T21:00:27","date_gmt":"2021-06-02T19:00:27","guid":{"rendered":"https:\/\/eterle.cz\/eshopprodukt\/trubkove-sofa-mucke-melder\/"},"modified":"2025-02-16T03:05:00","modified_gmt":"2025-02-16T02:05:00","slug":"trubkove-sofa-mucke-melder","status":"publish","type":"product","link":"https:\/\/eterle.cz\/eshop\/produkt\/trubkove-sofa-mucke-melder\/","title":{"rendered":"Trubkov\u00e9 sofa  \/ M\u00fccke Melder"},"content":{"rendered":"<p>Chromov\u00fd gau\u010d byl zhotoven v 1. polovin\u011b 20. stolet\u00ed firmou M\u00fccke Melder podle designu Marcela Breuera. Tato p\u016fvodem n\u011bmeck\u00e1 firma se specializovala na nejr\u016fzn\u011bj\u0161\u00ed n\u00e1bytek a dopl\u0148ky z ocelov\u00fdch trubek. Breuer si b\u011bhem sv\u00e9ho \u017eivota vydobyl pozici v\u011bhlasn\u00e9ho architekta a design\u00e9ra n\u00e1bytku. Pr\u00e1vem pat\u0159\u00ed mezi v\u00fdznamn\u00e9 modernisty. Byl pr\u016fkopn\u00edkem trubkov\u00e9ho, ocelov\u00e9ho n\u00e1bytku, ov\u0161em pozornost v\u011bnoval i d\u0159evu, p\u0159ekli\u017ek\u00e1m a hlin\u00edku.<\/p>\n<p>Gau\u010d m\u00e1 p\u016fvodn\u00ed pol\u0161t\u00e1\u0159e v\u010detn\u011b mal\u00e9ho podhlavn\u00edku. Vespod je um\u00edst\u011bn \u0161upl\u00edk, kter\u00fd slou\u017e\u00ed jako \u00falo\u017en\u00fd prostor. Takov\u00fdch nen\u00ed v byt\u011b \u010di dom\u011b nikdy dost.<\/p>\n<p>Zna\u010dka: <a href=\"https:\/\/eterle.cz\/eshop\/2021\/07\/30\/mucke-melder\/\">M\u00fccke Melder<\/a> podle Marcela Brauera<br \/>\nStav: p\u016fvodn\u00ed zachoval\u00fd stav, chrom perfektn\u00ed<br \/>\nRozm\u011br:<br \/>\nV\u00fd\u0161ka celkov\u00e1: 60 cm<br \/>\nV\u00fd\u0161ka sed\u00e1ku: 45 cm<br \/>\nHloubka sed\u00e1ku: 80 cm<br \/>\nHloubka celkov\u00e1 90 cm<br \/>\nD\u00e9lka: 196 cm<\/p>\n","protected":false},"excerpt":{"rendered":"<p>Chromov\u00fd gau\u010d byl zhotoven v 1. polovin\u011b 20. stolet\u00ed firmou M\u00fccke Melder podle designu Marcela Breuera. Tato p\u016fvodem n\u011bmeck\u00e1 firma<\/p>\n","protected":false},"featured_media":6893,"template":"","meta":[],"product_brand":[153],"product_cat":[91],"product_tag":[],"class_list":{"0":"post-6892","1":"product","2":"type-product","3":"status-publish","4":"has-post-thumbnail","6":"product_brand-eterle-cz","7":"product_cat-prodane","8":"product_shipping_class-nadrozmerne","10":"first","11":"outofstock","12":"purchasable","13":"product-type-simple"},"_links":{"self":[{"href":"https:\/\/eterle.cz\/eshop\/wp-json\/wp\/v2\/product\/6892","targetHints":{"allow":["GET"]}}],"collection":[{"href":"https:\/\/eterle.cz\/eshop\/wp-json\/wp\/v2\/product"}],"about":[{"href":"https:\/\/eterle.cz\/eshop\/wp-json\/wp\/v2\/types\/product"}],"version-history":[{"count":1,"href":"https:\/\/eterle.cz\/eshop\/wp-json\/wp\/v2\/product\/6892\/revisions"}],"predecessor-version":[{"id":7212,"href":"https:\/\/eterle.cz\/eshop\/wp-json\/wp\/v2\/product\/6892\/revisions\/7212"}],"wp:featuredmedia":[{"embeddable":true,"href":"https:\/\/eterle.cz\/eshop\/wp-json\/wp\/v2\/media\/6893"}],"wp:attachment":[{"href":"https:\/\/eterle.cz\/eshop\/wp-json\/wp\/v2\/media?parent=6892"}],"wp:term":[{"taxonomy":"product_brand","embeddable":true,"href":"https:\/\/eterle.cz\/eshop\/wp-json\/wp\/v2\/product_brand?post=6892"},{"taxonomy":"product_cat","embeddable":true,"href":"https:\/\/eterle.cz\/eshop\/wp-json\/wp\/v2\/product_cat?post=6892"},{"taxonomy":"product_tag","embeddable":true,"href":"https:\/\/eterle.cz\/eshop\/wp-json\/wp\/v2\/product_tag?post=6892"}],"curies":[{"name":"wp","href":"https:\/\/api.w.org\/{rel}","templated":true}]}}