{"id":6913,"date":"2021-06-02T21:01:02","date_gmt":"2021-06-02T19:01:02","guid":{"rendered":"https:\/\/eterle.cz\/eshopprodukt\/keramicka-vaza\/"},"modified":"2025-06-24T01:51:54","modified_gmt":"2025-06-23T23:51:54","slug":"keramicka-vaza","status":"publish","type":"product","link":"https:\/\/eterle.cz\/eshop\/produkt\/keramicka-vaza\/","title":{"rendered":"Keramick\u00e1 v\u00e1za"},"content":{"rendered":"<p>Keramick\u00e1 tmav\u011bmodr\u00e1 v\u00e1za, kter\u00e1 m\u00e1 sice na vnit\u0159n\u00edm lemu drobn\u011b popraskanou strukturu, ale v\u016fbec j\u00ed to neub\u00edr\u00e1 na kr\u00e1se. Dod\u00e1v\u00e1 j\u00ed to jistou patinu a par\u00e1du ud\u011bl\u00e1 na jak\u00e9mkoliv j\u00eddeln\u00edm stole na chalup\u011b.<\/p>\n<p>Stav: vnit\u0159n\u00ed horn\u00ed lem po obvodu drobn\u00e9 prasklinky<br \/>\nRozm\u011br:<br \/>\nV\u00fd\u0161ka: 15 cm<br \/>\nSpodn\u00ed pr\u016fm\u011br: 8 cm<br \/>\nHorn\u00ed pr\u016fm\u011br: 11,5 cm<\/p>\n","protected":false},"excerpt":{"rendered":"<p>Keramick\u00e1 tmav\u011bmodr\u00e1 v\u00e1za, kter\u00e1 m\u00e1 sice na vnit\u0159n\u00edm lemu drobn\u011b popraskanou strukturu, ale v\u016fbec j\u00ed to neub\u00edr\u00e1 na kr\u00e1se. Dod\u00e1v\u00e1<\/p>\n","protected":false},"featured_media":6914,"template":"","meta":[],"product_brand":[153],"product_cat":[94],"product_tag":[],"class_list":{"0":"post-6913","1":"product","2":"type-product","3":"status-publish","4":"has-post-thumbnail","6":"product_brand-eterle-cz","7":"product_cat-vazy","9":"first","10":"instock","11":"purchasable","12":"product-type-simple"},"_links":{"self":[{"href":"https:\/\/eterle.cz\/eshop\/wp-json\/wp\/v2\/product\/6913","targetHints":{"allow":["GET"]}}],"collection":[{"href":"https:\/\/eterle.cz\/eshop\/wp-json\/wp\/v2\/product"}],"about":[{"href":"https:\/\/eterle.cz\/eshop\/wp-json\/wp\/v2\/types\/product"}],"version-history":[{"count":1,"href":"https:\/\/eterle.cz\/eshop\/wp-json\/wp\/v2\/product\/6913\/revisions"}],"predecessor-version":[{"id":26123,"href":"https:\/\/eterle.cz\/eshop\/wp-json\/wp\/v2\/product\/6913\/revisions\/26123"}],"wp:featuredmedia":[{"embeddable":true,"href":"https:\/\/eterle.cz\/eshop\/wp-json\/wp\/v2\/media\/6914"}],"wp:attachment":[{"href":"https:\/\/eterle.cz\/eshop\/wp-json\/wp\/v2\/media?parent=6913"}],"wp:term":[{"taxonomy":"product_brand","embeddable":true,"href":"https:\/\/eterle.cz\/eshop\/wp-json\/wp\/v2\/product_brand?post=6913"},{"taxonomy":"product_cat","embeddable":true,"href":"https:\/\/eterle.cz\/eshop\/wp-json\/wp\/v2\/product_cat?post=6913"},{"taxonomy":"product_tag","embeddable":true,"href":"https:\/\/eterle.cz\/eshop\/wp-json\/wp\/v2\/product_tag?post=6913"}],"curies":[{"name":"wp","href":"https:\/\/api.w.org\/{rel}","templated":true}]}}