{"id":6918,"date":"2021-06-02T21:01:14","date_gmt":"2021-06-02T19:01:14","guid":{"rendered":"https:\/\/eterle.cz\/eshopprodukt\/porcelanova-vazicka\/"},"modified":"2025-02-16T03:04:59","modified_gmt":"2025-02-16T02:04:59","slug":"porcelanova-vazicka","status":"publish","type":"product","link":"https:\/\/eterle.cz\/eshop\/produkt\/porcelanova-vazicka\/","title":{"rendered":"Porcel\u00e1nov\u00e1 v\u00e1zi\u010dka"},"content":{"rendered":"<p>Mal\u00e1 v\u00e1za v kobaltov\u00e9 barv\u011b se vzorem hroznov\u00e9ho v\u00edna. Vhodn\u00e1 na ni\u017e\u0161\u00ed kv\u011btiny jako jsou t\u0159eba petrkl\u00ed\u010de.<\/p>\n<p>Stav: perfektn\u00ed<br \/>\nRozm\u011br:<br \/>\nV\u00fd\u0161ka: 10 cm<br \/>\nSpodn\u00ed pr\u016fm\u011br: 5,5 cm<br \/>\nHorn\u00ed pr\u016fm\u011br: 5,5 cm<\/p>\n","protected":false},"excerpt":{"rendered":"<p>Mal\u00e1 v\u00e1za v kobaltov\u00e9 barv\u011b se vzorem hroznov\u00e9ho v\u00edna. Vhodn\u00e1 na ni\u017e\u0161\u00ed kv\u011btiny jako jsou t\u0159eba petrkl\u00ed\u010de. Stav: perfektn\u00ed Rozm\u011br:<\/p>\n","protected":false},"featured_media":6919,"template":"","meta":[],"product_brand":[153],"product_cat":[91],"product_tag":[],"class_list":{"0":"post-6918","1":"product","2":"type-product","3":"status-publish","4":"has-post-thumbnail","6":"product_brand-eterle-cz","7":"product_cat-prodane","9":"first","10":"outofstock","11":"purchasable","12":"product-type-simple"},"_links":{"self":[{"href":"https:\/\/eterle.cz\/eshop\/wp-json\/wp\/v2\/product\/6918","targetHints":{"allow":["GET"]}}],"collection":[{"href":"https:\/\/eterle.cz\/eshop\/wp-json\/wp\/v2\/product"}],"about":[{"href":"https:\/\/eterle.cz\/eshop\/wp-json\/wp\/v2\/types\/product"}],"version-history":[{"count":0,"href":"https:\/\/eterle.cz\/eshop\/wp-json\/wp\/v2\/product\/6918\/revisions"}],"wp:featuredmedia":[{"embeddable":true,"href":"https:\/\/eterle.cz\/eshop\/wp-json\/wp\/v2\/media\/6919"}],"wp:attachment":[{"href":"https:\/\/eterle.cz\/eshop\/wp-json\/wp\/v2\/media?parent=6918"}],"wp:term":[{"taxonomy":"product_brand","embeddable":true,"href":"https:\/\/eterle.cz\/eshop\/wp-json\/wp\/v2\/product_brand?post=6918"},{"taxonomy":"product_cat","embeddable":true,"href":"https:\/\/eterle.cz\/eshop\/wp-json\/wp\/v2\/product_cat?post=6918"},{"taxonomy":"product_tag","embeddable":true,"href":"https:\/\/eterle.cz\/eshop\/wp-json\/wp\/v2\/product_tag?post=6918"}],"curies":[{"name":"wp","href":"https:\/\/api.w.org\/{rel}","templated":true}]}}