{"id":6921,"date":"2021-06-02T21:01:23","date_gmt":"2021-06-02T19:01:23","guid":{"rendered":"https:\/\/eterle.cz\/eshopprodukt\/vaza-z-hutniho-skla-j-taraba\/"},"modified":"2025-02-16T03:04:59","modified_gmt":"2025-02-16T02:04:59","slug":"vaza-z-hutniho-skla-j-taraba","status":"publish","type":"product","link":"https:\/\/eterle.cz\/eshop\/produkt\/vaza-z-hutniho-skla-j-taraba\/","title":{"rendered":"V\u00e1za z hutn\u00edho skla \/ J. Taraba"},"content":{"rendered":"<p>Kr\u00e1sn\u00e1 r\u016f\u017eov\u011b zbarven\u00e1 v\u00e1za z hutn\u00edho skla s plastick\u00fdmi detaily, kter\u00e1 s vysokou pravd\u011bpodobnost\u00ed byla vyrobena ve skl\u00e1rn\u011b Lednick\u00e9 Rovn\u00e9 dle n\u00e1vrhu J. Taraby. V\u00e1za poch\u00e1z\u00ed z 60.-70. let.<\/p>\n<p>Zna\u010dka: J. Taraba, skl\u00e1rna Lednick\u00e9 Rovn\u00e9<br \/>\nStav: drobn\u00e9 \u0161kr\u00e1bance na dn\u011b<br \/>\nRozm\u011br:<br \/>\nV\u00fd\u0161ka: 19,5 cm<br \/>\nSpodn\u00ed pr\u016fm\u011br: 5 cm<br \/>\nHorn\u00ed rozm\u011br: 7,5 cm x 5,5 cm<\/p>\n","protected":false},"excerpt":{"rendered":"<p>Kr\u00e1sn\u00e1 r\u016f\u017eov\u011b zbarven\u00e1 v\u00e1za z hutn\u00edho skla s plastick\u00fdmi detaily, kter\u00e1 s vysokou pravd\u011bpodobnost\u00ed byla vyrobena ve skl\u00e1rn\u011b Lednick\u00e9 Rovn\u00e9<\/p>\n","protected":false},"featured_media":6922,"template":"","meta":[],"product_brand":[153],"product_cat":[91],"product_tag":[],"class_list":{"0":"post-6921","1":"product","2":"type-product","3":"status-publish","4":"has-post-thumbnail","6":"product_brand-eterle-cz","7":"product_cat-prodane","9":"first","10":"outofstock","11":"purchasable","12":"product-type-simple"},"_links":{"self":[{"href":"https:\/\/eterle.cz\/eshop\/wp-json\/wp\/v2\/product\/6921","targetHints":{"allow":["GET"]}}],"collection":[{"href":"https:\/\/eterle.cz\/eshop\/wp-json\/wp\/v2\/product"}],"about":[{"href":"https:\/\/eterle.cz\/eshop\/wp-json\/wp\/v2\/types\/product"}],"version-history":[{"count":0,"href":"https:\/\/eterle.cz\/eshop\/wp-json\/wp\/v2\/product\/6921\/revisions"}],"wp:featuredmedia":[{"embeddable":true,"href":"https:\/\/eterle.cz\/eshop\/wp-json\/wp\/v2\/media\/6922"}],"wp:attachment":[{"href":"https:\/\/eterle.cz\/eshop\/wp-json\/wp\/v2\/media?parent=6921"}],"wp:term":[{"taxonomy":"product_brand","embeddable":true,"href":"https:\/\/eterle.cz\/eshop\/wp-json\/wp\/v2\/product_brand?post=6921"},{"taxonomy":"product_cat","embeddable":true,"href":"https:\/\/eterle.cz\/eshop\/wp-json\/wp\/v2\/product_cat?post=6921"},{"taxonomy":"product_tag","embeddable":true,"href":"https:\/\/eterle.cz\/eshop\/wp-json\/wp\/v2\/product_tag?post=6921"}],"curies":[{"name":"wp","href":"https:\/\/api.w.org\/{rel}","templated":true}]}}