{"id":6925,"date":"2021-06-02T21:01:33","date_gmt":"2021-06-02T19:01:33","guid":{"rendered":"https:\/\/eterle.cz\/eshopprodukt\/vaza-se-zlatym-dekorem\/"},"modified":"2025-02-16T03:04:59","modified_gmt":"2025-02-16T02:04:59","slug":"vaza-se-zlatym-dekorem","status":"publish","type":"product","link":"https:\/\/eterle.cz\/eshop\/produkt\/vaza-se-zlatym-dekorem\/","title":{"rendered":"V\u00e1za se zlat\u00fdm dekorem"},"content":{"rendered":"<p>Velk\u00e1 v\u00e1za s bohat\u00fdm zlat\u00fdm dekorem je zna\u010den\u00e1, ale bohu\u017eel ne\u010diteln\u011b. Jej\u00ed v\u00fdrazn\u00e9 zdoben\u00ed m\u016f\u017eete bu\u010f podtrhnout kv\u011btinami jako jsou nap\u0159\u00edklad irisy nebo zm\u00edrnit m\u00e9n\u011b n\u00e1padn\u00fdmi rostlinami. My jsme zvolily jemn\u011bj\u0161\u00ed variantu v podob\u011b v\u011btv\u00ed s drobn\u00fdm kv\u00edtkem.<\/p>\n<p>Stav: m\u00edrna patina na zlat\u00e9 barv\u011b &#8211; drobn\u00e9 \u0161kr\u00e1bance \u010di zesv\u011btlen\u00ed barvy<br \/>\nRozm\u011br:<br \/>\nV\u00fd\u0161ka: 29 cm<br \/>\nSpodn\u00ed pr\u016fm\u011br:12 cm<br \/>\nHorn\u00ed pr\u016fm\u011br: 10 cm<\/p>\n","protected":false},"excerpt":{"rendered":"<p>Velk\u00e1 v\u00e1za s bohat\u00fdm zlat\u00fdm dekorem je zna\u010den\u00e1, ale bohu\u017eel ne\u010diteln\u011b. Jej\u00ed v\u00fdrazn\u00e9 zdoben\u00ed m\u016f\u017eete bu\u010f podtrhnout kv\u011btinami jako jsou<\/p>\n","protected":false},"featured_media":6926,"template":"","meta":[],"product_brand":[153],"product_cat":[91],"product_tag":[],"class_list":{"0":"post-6925","1":"product","2":"type-product","3":"status-publish","4":"has-post-thumbnail","6":"product_brand-eterle-cz","7":"product_cat-prodane","9":"first","10":"outofstock","11":"purchasable","12":"product-type-simple"},"_links":{"self":[{"href":"https:\/\/eterle.cz\/eshop\/wp-json\/wp\/v2\/product\/6925","targetHints":{"allow":["GET"]}}],"collection":[{"href":"https:\/\/eterle.cz\/eshop\/wp-json\/wp\/v2\/product"}],"about":[{"href":"https:\/\/eterle.cz\/eshop\/wp-json\/wp\/v2\/types\/product"}],"version-history":[{"count":0,"href":"https:\/\/eterle.cz\/eshop\/wp-json\/wp\/v2\/product\/6925\/revisions"}],"wp:featuredmedia":[{"embeddable":true,"href":"https:\/\/eterle.cz\/eshop\/wp-json\/wp\/v2\/media\/6926"}],"wp:attachment":[{"href":"https:\/\/eterle.cz\/eshop\/wp-json\/wp\/v2\/media?parent=6925"}],"wp:term":[{"taxonomy":"product_brand","embeddable":true,"href":"https:\/\/eterle.cz\/eshop\/wp-json\/wp\/v2\/product_brand?post=6925"},{"taxonomy":"product_cat","embeddable":true,"href":"https:\/\/eterle.cz\/eshop\/wp-json\/wp\/v2\/product_cat?post=6925"},{"taxonomy":"product_tag","embeddable":true,"href":"https:\/\/eterle.cz\/eshop\/wp-json\/wp\/v2\/product_tag?post=6925"}],"curies":[{"name":"wp","href":"https:\/\/api.w.org\/{rel}","templated":true}]}}