{"id":6935,"date":"2021-06-02T21:01:53","date_gmt":"2021-06-02T19:01:53","guid":{"rendered":"https:\/\/eterle.cz\/eshopprodukt\/porcelanova-vaza-thomas-2\/"},"modified":"2025-02-16T03:04:58","modified_gmt":"2025-02-16T02:04:58","slug":"porcelanova-vaza-thomas-2","status":"publish","type":"product","link":"https:\/\/eterle.cz\/eshop\/produkt\/porcelanova-vaza-thomas-2\/","title":{"rendered":"Porcel\u00e1nov\u00e1 v\u00e1za \/ Thomas"},"content":{"rendered":"<p>Nepravidlen\u00fd tvar a ostr\u00e9 hrany dod\u00e1vaj\u00ed t\u00e9to v\u00e1ze od zna\u010dky Thomas modern\u00ed r\u00e1z. Thomas by Rosenthal si zaslou\u017e\u00ed pr\u00e1vem b\u00fdt synonymem modern\u00edho designu, vzdu\u0161nosti a nad\u010dasovosti.<\/p>\n<p>Zna\u010dka: Thomas<br \/>\nStav: perfektn\u00ed<br \/>\nRozm\u011br:<br \/>\nV\u00fd\u0161ka: 18 cm<br \/>\nSpodn\u00ed pr\u016fm\u011br: 5,5 cm<br \/>\nHorn\u00ed pr\u016fm\u011br: 8 cm<\/p>\n","protected":false},"excerpt":{"rendered":"<p>Nepravidlen\u00fd tvar a ostr\u00e9 hrany dod\u00e1vaj\u00ed t\u00e9to v\u00e1ze od zna\u010dky Thomas modern\u00ed r\u00e1z. Thomas by Rosenthal si zaslou\u017e\u00ed pr\u00e1vem b\u00fdt<\/p>\n","protected":false},"featured_media":6936,"template":"","meta":[],"product_brand":[153],"product_cat":[91],"product_tag":[],"class_list":{"0":"post-6935","1":"product","2":"type-product","3":"status-publish","4":"has-post-thumbnail","6":"product_brand-eterle-cz","7":"product_cat-prodane","9":"first","10":"outofstock","11":"purchasable","12":"product-type-simple"},"_links":{"self":[{"href":"https:\/\/eterle.cz\/eshop\/wp-json\/wp\/v2\/product\/6935","targetHints":{"allow":["GET"]}}],"collection":[{"href":"https:\/\/eterle.cz\/eshop\/wp-json\/wp\/v2\/product"}],"about":[{"href":"https:\/\/eterle.cz\/eshop\/wp-json\/wp\/v2\/types\/product"}],"version-history":[{"count":0,"href":"https:\/\/eterle.cz\/eshop\/wp-json\/wp\/v2\/product\/6935\/revisions"}],"wp:featuredmedia":[{"embeddable":true,"href":"https:\/\/eterle.cz\/eshop\/wp-json\/wp\/v2\/media\/6936"}],"wp:attachment":[{"href":"https:\/\/eterle.cz\/eshop\/wp-json\/wp\/v2\/media?parent=6935"}],"wp:term":[{"taxonomy":"product_brand","embeddable":true,"href":"https:\/\/eterle.cz\/eshop\/wp-json\/wp\/v2\/product_brand?post=6935"},{"taxonomy":"product_cat","embeddable":true,"href":"https:\/\/eterle.cz\/eshop\/wp-json\/wp\/v2\/product_cat?post=6935"},{"taxonomy":"product_tag","embeddable":true,"href":"https:\/\/eterle.cz\/eshop\/wp-json\/wp\/v2\/product_tag?post=6935"}],"curies":[{"name":"wp","href":"https:\/\/api.w.org\/{rel}","templated":true}]}}