{"id":6940,"date":"2021-06-02T21:02:00","date_gmt":"2021-06-02T19:02:00","guid":{"rendered":"https:\/\/eterle.cz\/eshopprodukt\/porcelanova-vaza-krautheim\/"},"modified":"2025-02-16T03:04:58","modified_gmt":"2025-02-16T02:04:58","slug":"porcelanova-vaza-krautheim","status":"publish","type":"product","link":"https:\/\/eterle.cz\/eshop\/produkt\/porcelanova-vaza-krautheim\/","title":{"rendered":"Porcel\u00e1nov\u00e1 v\u00e1za \/ Krautheim"},"content":{"rendered":"<p>V\u00e1za od n\u011bmeck\u00e9 porcel\u00e1nky Krautheim je zaj\u00edmav\u00e1 nejen tvarem, ale i neobvykl\u00fdm v\u00fdrazn\u00fdm vzorem. Dle zna\u010den\u00ed poch\u00e1z\u00ed n\u011bkdy z let 1945-1977.<\/p>\n<p>Christoph Krautheim zalo\u017eil v roce 1884 mal\u00edrnu porcel\u00e1nu a v roce 1912 za\u010dala jako firma Krautheim &amp; Adelberg s vlastn\u00ed v\u00fdrobou. Brzy se vypracoval k Bavorsk\u00e9mu kr\u00e1lovsk\u00e9mu dvorn\u00edmu dodavateli. Byl p\u0159\u00edm\u00fdm konkurentem Philippu Rosenthalovi v Selbu.<\/p>\n<p>Zna\u010dka: <a href=\"https:\/\/eterle.cz\/eshop\/2021\/07\/29\/krautheim\/\">Krautheim, Selb Bavaria, Germany<\/a><br \/>\nStav: m\u00edsty nepatrn\u00e9 \u0161kr\u00e1bnut\u00ed na zlat\u00e9 barv\u011b<br \/>\nRozm\u011br:<br \/>\nV\u00fd\u0161ka: 20 cm<br \/>\nDno: 5,5 x 8,5 cm<\/p>\n","protected":false},"excerpt":{"rendered":"<p>V\u00e1za od n\u011bmeck\u00e9 porcel\u00e1nky Krautheim je zaj\u00edmav\u00e1 nejen tvarem, ale i neobvykl\u00fdm v\u00fdrazn\u00fdm vzorem. Dle zna\u010den\u00ed poch\u00e1z\u00ed n\u011bkdy z let<\/p>\n","protected":false},"featured_media":6941,"template":"","meta":[],"product_brand":[153],"product_cat":[91],"product_tag":[],"class_list":{"0":"post-6940","1":"product","2":"type-product","3":"status-publish","4":"has-post-thumbnail","6":"product_brand-eterle-cz","7":"product_cat-prodane","9":"first","10":"outofstock","11":"purchasable","12":"product-type-simple"},"_links":{"self":[{"href":"https:\/\/eterle.cz\/eshop\/wp-json\/wp\/v2\/product\/6940","targetHints":{"allow":["GET"]}}],"collection":[{"href":"https:\/\/eterle.cz\/eshop\/wp-json\/wp\/v2\/product"}],"about":[{"href":"https:\/\/eterle.cz\/eshop\/wp-json\/wp\/v2\/types\/product"}],"version-history":[{"count":0,"href":"https:\/\/eterle.cz\/eshop\/wp-json\/wp\/v2\/product\/6940\/revisions"}],"wp:featuredmedia":[{"embeddable":true,"href":"https:\/\/eterle.cz\/eshop\/wp-json\/wp\/v2\/media\/6941"}],"wp:attachment":[{"href":"https:\/\/eterle.cz\/eshop\/wp-json\/wp\/v2\/media?parent=6940"}],"wp:term":[{"taxonomy":"product_brand","embeddable":true,"href":"https:\/\/eterle.cz\/eshop\/wp-json\/wp\/v2\/product_brand?post=6940"},{"taxonomy":"product_cat","embeddable":true,"href":"https:\/\/eterle.cz\/eshop\/wp-json\/wp\/v2\/product_cat?post=6940"},{"taxonomy":"product_tag","embeddable":true,"href":"https:\/\/eterle.cz\/eshop\/wp-json\/wp\/v2\/product_tag?post=6940"}],"curies":[{"name":"wp","href":"https:\/\/api.w.org\/{rel}","templated":true}]}}