{"id":6945,"date":"2021-06-02T21:02:07","date_gmt":"2021-06-02T19:02:07","guid":{"rendered":"https:\/\/eterle.cz\/eshopprodukt\/porcelanova-vaza\/"},"modified":"2025-02-16T03:04:57","modified_gmt":"2025-02-16T02:04:57","slug":"porcelanova-vaza","status":"publish","type":"product","link":"https:\/\/eterle.cz\/eshop\/produkt\/porcelanova-vaza\/","title":{"rendered":"Porcel\u00e1nov\u00e1 v\u00e1za"},"content":{"rendered":"<p>Neche se v\u00e1m kupovat velk\u00e9 kytice, p\u0159esto byste si interi\u00e9r r\u00e1di z\u00fatulnili a provon\u011bli? Nec\u00edt\u00edte se siln\u00ed v kramflec\u00edch p\u0159i aran\u017eov\u00e1n\u00ed? Pak by tato v\u00e1za mohla b\u00fdt tou pravou volbou pro v\u00e1s. Je jednoduch\u00e1 a b\u00edl\u00e1, tak\u017ee se k n\u00ed bude hodit t\u00e9m\u011b\u0159 jakk\u00e1koliv kv\u011btina \u010di v\u011btvi\u010dka. T\u011b\u017eko zde \u0161l\u00e1pnete vedle.<\/p>\n<p>Stav: perfektn\u00ed<br \/>\nRozm\u011br:<br \/>\nV\u00fd\u0161ka: 21 cm<br \/>\nSpodn\u00ed pr\u016fm\u011br: 8 cm<br \/>\nHorn\u00ed pr\u016fm\u011br: 4 cm<\/p>\n","protected":false},"excerpt":{"rendered":"<p>Neche se v\u00e1m kupovat velk\u00e9 kytice, p\u0159esto byste si interi\u00e9r r\u00e1di z\u00fatulnili a provon\u011bli? Nec\u00edt\u00edte se siln\u00ed v kramflec\u00edch p\u0159i<\/p>\n","protected":false},"featured_media":13388,"template":"","meta":[],"product_brand":[153],"product_cat":[91],"product_tag":[],"class_list":{"0":"post-6945","1":"product","2":"type-product","3":"status-publish","4":"has-post-thumbnail","6":"product_brand-eterle-cz","7":"product_cat-prodane","9":"first","10":"outofstock","11":"purchasable","12":"product-type-simple"},"_links":{"self":[{"href":"https:\/\/eterle.cz\/eshop\/wp-json\/wp\/v2\/product\/6945","targetHints":{"allow":["GET"]}}],"collection":[{"href":"https:\/\/eterle.cz\/eshop\/wp-json\/wp\/v2\/product"}],"about":[{"href":"https:\/\/eterle.cz\/eshop\/wp-json\/wp\/v2\/types\/product"}],"version-history":[{"count":0,"href":"https:\/\/eterle.cz\/eshop\/wp-json\/wp\/v2\/product\/6945\/revisions"}],"wp:featuredmedia":[{"embeddable":true,"href":"https:\/\/eterle.cz\/eshop\/wp-json\/wp\/v2\/media\/13388"}],"wp:attachment":[{"href":"https:\/\/eterle.cz\/eshop\/wp-json\/wp\/v2\/media?parent=6945"}],"wp:term":[{"taxonomy":"product_brand","embeddable":true,"href":"https:\/\/eterle.cz\/eshop\/wp-json\/wp\/v2\/product_brand?post=6945"},{"taxonomy":"product_cat","embeddable":true,"href":"https:\/\/eterle.cz\/eshop\/wp-json\/wp\/v2\/product_cat?post=6945"},{"taxonomy":"product_tag","embeddable":true,"href":"https:\/\/eterle.cz\/eshop\/wp-json\/wp\/v2\/product_tag?post=6945"}],"curies":[{"name":"wp","href":"https:\/\/api.w.org\/{rel}","templated":true}]}}