{"id":6949,"date":"2021-06-02T21:02:14","date_gmt":"2021-06-02T19:02:14","guid":{"rendered":"https:\/\/eterle.cz\/eshopprodukt\/porcelanova-vaza-2\/"},"modified":"2025-02-16T03:04:57","modified_gmt":"2025-02-16T02:04:57","slug":"porcelanova-vaza-2","status":"publish","type":"product","link":"https:\/\/eterle.cz\/eshop\/produkt\/porcelanova-vaza-2\/","title":{"rendered":"Porcel\u00e1nov\u00e1 v\u00e1za"},"content":{"rendered":"<p>V\u00e1za nen\u00ed nijak zna\u010dena, ale jedn\u00e1 se o klasick\u00fd \u010dist\u00fd tvar, kter\u00fd se hod\u00ed na mnoho druh\u016f kv\u011btin. Pr\u00e1v\u011b pro jej\u00ed \u0161irok\u00e9 vyu\u017eit\u00ed a jednoduchost jsme ji do v\u00fdb\u011bru na n\u00e1\u0161 eshop za\u0159adily.<\/p>\n<p>Zna\u010dka:<br \/>\nStav: perfektn\u00ed<br \/>\nRozm\u011br:<br \/>\nV\u00fd\u0161ka: 16 cm<br \/>\nSpodn\u00ed pr\u016fm\u011br: 9 cm<br \/>\nHorn\u00ed pr\u016fm\u011br: 7,5 cm<\/p>\n","protected":false},"excerpt":{"rendered":"<p>V\u00e1za nen\u00ed nijak zna\u010dena, ale jedn\u00e1 se o klasick\u00fd \u010dist\u00fd tvar, kter\u00fd se hod\u00ed na mnoho druh\u016f kv\u011btin. Pr\u00e1v\u011b pro<\/p>\n","protected":false},"featured_media":6950,"template":"","meta":[],"product_brand":[153],"product_cat":[91],"product_tag":[],"class_list":{"0":"post-6949","1":"product","2":"type-product","3":"status-publish","4":"has-post-thumbnail","6":"product_brand-eterle-cz","7":"product_cat-prodane","9":"first","10":"outofstock","11":"purchasable","12":"product-type-simple"},"_links":{"self":[{"href":"https:\/\/eterle.cz\/eshop\/wp-json\/wp\/v2\/product\/6949","targetHints":{"allow":["GET"]}}],"collection":[{"href":"https:\/\/eterle.cz\/eshop\/wp-json\/wp\/v2\/product"}],"about":[{"href":"https:\/\/eterle.cz\/eshop\/wp-json\/wp\/v2\/types\/product"}],"version-history":[{"count":0,"href":"https:\/\/eterle.cz\/eshop\/wp-json\/wp\/v2\/product\/6949\/revisions"}],"wp:featuredmedia":[{"embeddable":true,"href":"https:\/\/eterle.cz\/eshop\/wp-json\/wp\/v2\/media\/6950"}],"wp:attachment":[{"href":"https:\/\/eterle.cz\/eshop\/wp-json\/wp\/v2\/media?parent=6949"}],"wp:term":[{"taxonomy":"product_brand","embeddable":true,"href":"https:\/\/eterle.cz\/eshop\/wp-json\/wp\/v2\/product_brand?post=6949"},{"taxonomy":"product_cat","embeddable":true,"href":"https:\/\/eterle.cz\/eshop\/wp-json\/wp\/v2\/product_cat?post=6949"},{"taxonomy":"product_tag","embeddable":true,"href":"https:\/\/eterle.cz\/eshop\/wp-json\/wp\/v2\/product_tag?post=6949"}],"curies":[{"name":"wp","href":"https:\/\/api.w.org\/{rel}","templated":true}]}}