{"id":6952,"date":"2021-06-02T21:02:19","date_gmt":"2021-06-02T19:02:19","guid":{"rendered":"https:\/\/eterle.cz\/eshopprodukt\/brousena-vaza\/"},"modified":"2025-02-16T03:04:57","modified_gmt":"2025-02-16T02:04:57","slug":"brousena-vaza","status":"publish","type":"product","link":"https:\/\/eterle.cz\/eshop\/produkt\/brousena-vaza\/","title":{"rendered":"Brou\u0161en\u00e1 v\u00e1za"},"content":{"rendered":"<p>Brou\u0161en\u00e9 sklo bylo del\u0161\u00ed dobu opom\u00edjeno, ale op\u011bt se vrac\u00ed do m\u00f3dy a jeho cena rychle roste.<\/p>\n<p>Stav: mikro \u0161r\u00e1bance na hladk\u00e9 \u010d\u00e1sti<br \/>\nRozm\u011br:<br \/>\nV\u00fd\u0161ka: 19 cm<br \/>\nSpodn\u00ed pr\u016fm\u011br: 6,5 cm<br \/>\nHorn\u00ed pr\u016fm\u011br: 6,5 cm<\/p>\n","protected":false},"excerpt":{"rendered":"<p>Brou\u0161en\u00e9 sklo bylo del\u0161\u00ed dobu opom\u00edjeno, ale op\u011bt se vrac\u00ed do m\u00f3dy a jeho cena rychle roste. Stav: mikro \u0161r\u00e1bance<\/p>\n","protected":false},"featured_media":13442,"template":"","meta":[],"product_brand":[153],"product_cat":[91],"product_tag":[],"class_list":{"0":"post-6952","1":"product","2":"type-product","3":"status-publish","4":"has-post-thumbnail","6":"product_brand-eterle-cz","7":"product_cat-prodane","9":"first","10":"outofstock","11":"purchasable","12":"product-type-simple"},"_links":{"self":[{"href":"https:\/\/eterle.cz\/eshop\/wp-json\/wp\/v2\/product\/6952","targetHints":{"allow":["GET"]}}],"collection":[{"href":"https:\/\/eterle.cz\/eshop\/wp-json\/wp\/v2\/product"}],"about":[{"href":"https:\/\/eterle.cz\/eshop\/wp-json\/wp\/v2\/types\/product"}],"version-history":[{"count":0,"href":"https:\/\/eterle.cz\/eshop\/wp-json\/wp\/v2\/product\/6952\/revisions"}],"wp:featuredmedia":[{"embeddable":true,"href":"https:\/\/eterle.cz\/eshop\/wp-json\/wp\/v2\/media\/13442"}],"wp:attachment":[{"href":"https:\/\/eterle.cz\/eshop\/wp-json\/wp\/v2\/media?parent=6952"}],"wp:term":[{"taxonomy":"product_brand","embeddable":true,"href":"https:\/\/eterle.cz\/eshop\/wp-json\/wp\/v2\/product_brand?post=6952"},{"taxonomy":"product_cat","embeddable":true,"href":"https:\/\/eterle.cz\/eshop\/wp-json\/wp\/v2\/product_cat?post=6952"},{"taxonomy":"product_tag","embeddable":true,"href":"https:\/\/eterle.cz\/eshop\/wp-json\/wp\/v2\/product_tag?post=6952"}],"curies":[{"name":"wp","href":"https:\/\/api.w.org\/{rel}","templated":true}]}}