{"id":6957,"date":"2021-06-02T21:02:31","date_gmt":"2021-06-02T19:02:31","guid":{"rendered":"https:\/\/eterle.cz\/eshopprodukt\/vaza-z-hutniho-skla-3\/"},"modified":"2025-02-16T03:04:56","modified_gmt":"2025-02-16T02:04:56","slug":"vaza-z-hutniho-skla-3","status":"publish","type":"product","link":"https:\/\/eterle.cz\/eshop\/produkt\/vaza-z-hutniho-skla-3\/","title":{"rendered":"V\u00e1za z hutn\u00edho skla"},"content":{"rendered":"<p>Zelen\u011b zbarvenou v\u00e1zu s ryt\u00fdm dekorem pt\u00e1\u010dka na kv\u011btu navrhl Miloslav Klinger a vyr\u00e1b\u011bla ji v 70. letech \u017eeleznobrodsk\u00e1 skl\u00e1rna \u017dBS.<\/p>\n<p>Zna\u010dka: Miloslav Klinger, \u017delezn\u00fd Brod<br \/>\nStav: Nepatrn\u00e9 stopy vodn\u00edho kamene, dv\u011b milimetrov\u00e9 \u0165uknut\u00e9 te\u010dky<br \/>\nRozm\u011br:<br \/>\nV\u00fd\u0161ka: 19 cm<br \/>\nHorn\u00ed rozm\u011br: 6,5 x 3,5 cm<\/p>\n","protected":false},"excerpt":{"rendered":"<p>Zelen\u011b zbarvenou v\u00e1zu s ryt\u00fdm dekorem pt\u00e1\u010dka na kv\u011btu navrhl Miloslav Klinger a vyr\u00e1b\u011bla ji v 70. letech \u017eeleznobrodsk\u00e1 skl\u00e1rna<\/p>\n","protected":false},"featured_media":6958,"template":"","meta":[],"product_brand":[153],"product_cat":[91],"product_tag":[],"class_list":{"0":"post-6957","1":"product","2":"type-product","3":"status-publish","4":"has-post-thumbnail","6":"product_brand-eterle-cz","7":"product_cat-prodane","9":"first","10":"outofstock","11":"purchasable","12":"product-type-simple"},"_links":{"self":[{"href":"https:\/\/eterle.cz\/eshop\/wp-json\/wp\/v2\/product\/6957","targetHints":{"allow":["GET"]}}],"collection":[{"href":"https:\/\/eterle.cz\/eshop\/wp-json\/wp\/v2\/product"}],"about":[{"href":"https:\/\/eterle.cz\/eshop\/wp-json\/wp\/v2\/types\/product"}],"version-history":[{"count":0,"href":"https:\/\/eterle.cz\/eshop\/wp-json\/wp\/v2\/product\/6957\/revisions"}],"wp:featuredmedia":[{"embeddable":true,"href":"https:\/\/eterle.cz\/eshop\/wp-json\/wp\/v2\/media\/6958"}],"wp:attachment":[{"href":"https:\/\/eterle.cz\/eshop\/wp-json\/wp\/v2\/media?parent=6957"}],"wp:term":[{"taxonomy":"product_brand","embeddable":true,"href":"https:\/\/eterle.cz\/eshop\/wp-json\/wp\/v2\/product_brand?post=6957"},{"taxonomy":"product_cat","embeddable":true,"href":"https:\/\/eterle.cz\/eshop\/wp-json\/wp\/v2\/product_cat?post=6957"},{"taxonomy":"product_tag","embeddable":true,"href":"https:\/\/eterle.cz\/eshop\/wp-json\/wp\/v2\/product_tag?post=6957"}],"curies":[{"name":"wp","href":"https:\/\/api.w.org\/{rel}","templated":true}]}}