{"id":6962,"date":"2021-06-02T21:02:40","date_gmt":"2021-06-02T19:02:40","guid":{"rendered":"https:\/\/eterle.cz\/eshopprodukt\/porcelanova-vaza-royal-dux\/"},"modified":"2025-02-16T03:04:56","modified_gmt":"2025-02-16T02:04:56","slug":"porcelanova-vaza-royal-dux","status":"publish","type":"product","link":"https:\/\/eterle.cz\/eshop\/produkt\/porcelanova-vaza-royal-dux\/","title":{"rendered":"Porcel\u00e1nov\u00e1 v\u00e1za \/ Royal Dux"},"content":{"rendered":"<p>Kr\u00e1sn\u00e1 v\u00e1za Royal Dux je z obou stran zdoben\u00e1 kobaltovou malbou kv\u011btin. Okraj v\u00e1zy je lemov\u00e1n zlatou linkou, kter\u00e1 nese zcela nepatrnou patinu. Royal Dux je zna\u010dkou vysok\u00e9 kvality a propracovan\u00e9ho designu, kter\u00fd vych\u00e1z\u00ed z dlouholet\u00e9 tradice nebo\u0165 firma byla zalo\u017eena u\u017e v roce 1853. Tato v\u00e1za poch\u00e1z\u00ed dle zna\u010den\u00ed z let 1960-1978.<\/p>\n<p>Zna\u010dka: <a href=\"https:\/\/eterle.cz\/eshop\/2021\/07\/29\/royal-dux\/\">Royal Dux, Czechoslovakia<\/a><br \/>\nStav: horn\u00ed zlat\u00fd prou\u017eek nese zn\u00e1mky lehk\u00e9 patiny, uvnit\u0159 je v\u00e1za zane\u0161ena od pou\u017e\u00edv\u00e1n\u00ed<br \/>\nRozm\u011br:<br \/>\nV\u00fd\u0161ka: 25 cm<br \/>\nSpodn\u00ed pr\u016fm\u011br: 8,5 cm<br \/>\nHorn\u00ed pr\u016fm\u011br: 8 cm<\/p>\n","protected":false},"excerpt":{"rendered":"<p>Kr\u00e1sn\u00e1 v\u00e1za Royal Dux je z obou stran zdoben\u00e1 kobaltovou malbou kv\u011btin. Okraj v\u00e1zy je lemov\u00e1n zlatou linkou, kter\u00e1 nese<\/p>\n","protected":false},"featured_media":6963,"template":"","meta":[],"product_brand":[153],"product_cat":[91],"product_tag":[],"class_list":{"0":"post-6962","1":"product","2":"type-product","3":"status-publish","4":"has-post-thumbnail","6":"product_brand-eterle-cz","7":"product_cat-prodane","9":"first","10":"outofstock","11":"purchasable","12":"product-type-simple"},"_links":{"self":[{"href":"https:\/\/eterle.cz\/eshop\/wp-json\/wp\/v2\/product\/6962","targetHints":{"allow":["GET"]}}],"collection":[{"href":"https:\/\/eterle.cz\/eshop\/wp-json\/wp\/v2\/product"}],"about":[{"href":"https:\/\/eterle.cz\/eshop\/wp-json\/wp\/v2\/types\/product"}],"version-history":[{"count":0,"href":"https:\/\/eterle.cz\/eshop\/wp-json\/wp\/v2\/product\/6962\/revisions"}],"wp:featuredmedia":[{"embeddable":true,"href":"https:\/\/eterle.cz\/eshop\/wp-json\/wp\/v2\/media\/6963"}],"wp:attachment":[{"href":"https:\/\/eterle.cz\/eshop\/wp-json\/wp\/v2\/media?parent=6962"}],"wp:term":[{"taxonomy":"product_brand","embeddable":true,"href":"https:\/\/eterle.cz\/eshop\/wp-json\/wp\/v2\/product_brand?post=6962"},{"taxonomy":"product_cat","embeddable":true,"href":"https:\/\/eterle.cz\/eshop\/wp-json\/wp\/v2\/product_cat?post=6962"},{"taxonomy":"product_tag","embeddable":true,"href":"https:\/\/eterle.cz\/eshop\/wp-json\/wp\/v2\/product_tag?post=6962"}],"curies":[{"name":"wp","href":"https:\/\/api.w.org\/{rel}","templated":true}]}}