{"id":6967,"date":"2021-06-02T21:02:48","date_gmt":"2021-06-02T19:02:48","guid":{"rendered":"https:\/\/eterle.cz\/eshopprodukt\/keramicka-vaza-ditmar-urbach\/"},"modified":"2025-02-16T03:04:56","modified_gmt":"2025-02-16T02:04:56","slug":"keramicka-vaza-ditmar-urbach","status":"publish","type":"product","link":"https:\/\/eterle.cz\/eshop\/produkt\/keramicka-vaza-ditmar-urbach\/","title":{"rendered":"Keramick\u00e1 v\u00e1za \/ Ditmar Urbach"},"content":{"rendered":"<p>Keramick\u00e1 v\u00e1za od Ditmar Urbacha poch\u00e1z\u00ed dle ba\u0148at\u00e9ho tvaru a typu dekoru z p\u0159elomu 50. a 60 let. Tento abstraktn\u00ed motiv pod glazurou se pou\u017e\u00edval nejen na v\u00e1z\u00e1ch, ale i na  m\u00edsy, obaly na kv\u011btin\u00e1\u010de a z\u00e1v\u011bsn\u00e9 v\u00e1zi\u010dky.  Sytlov\u011b se v\u00e1za bude kr\u00e1sn\u011b hodit do n\u011bjak\u00e9 roubenky \u010di jin\u00e9 \u010desk\u00e9 chalupy.<\/p>\n<p>Zna\u010dka: Ditmar Urbach<br \/>\nStav: Dva mal\u00e9 o\u0165uky na horn\u00edm lemu<br \/>\nRozm\u011br:<br \/>\nV\u00fd\u0161ka: 19 cm<br \/>\nSpodn\u00ed pr\u016fm\u011br: 7 cm<br \/>\nHorn\u00ed pr\u016fm\u011br: 9 cm<\/p>\n","protected":false},"excerpt":{"rendered":"<p>Keramick\u00e1 v\u00e1za od Ditmar Urbacha poch\u00e1z\u00ed dle ba\u0148at\u00e9ho tvaru a typu dekoru z p\u0159elomu 50. a 60 let. Tento abstraktn\u00ed<\/p>\n","protected":false},"featured_media":6968,"template":"","meta":[],"product_brand":[153],"product_cat":[91],"product_tag":[],"class_list":{"0":"post-6967","1":"product","2":"type-product","3":"status-publish","4":"has-post-thumbnail","6":"product_brand-eterle-cz","7":"product_cat-prodane","9":"first","10":"outofstock","11":"purchasable","12":"product-type-simple"},"_links":{"self":[{"href":"https:\/\/eterle.cz\/eshop\/wp-json\/wp\/v2\/product\/6967","targetHints":{"allow":["GET"]}}],"collection":[{"href":"https:\/\/eterle.cz\/eshop\/wp-json\/wp\/v2\/product"}],"about":[{"href":"https:\/\/eterle.cz\/eshop\/wp-json\/wp\/v2\/types\/product"}],"version-history":[{"count":0,"href":"https:\/\/eterle.cz\/eshop\/wp-json\/wp\/v2\/product\/6967\/revisions"}],"wp:featuredmedia":[{"embeddable":true,"href":"https:\/\/eterle.cz\/eshop\/wp-json\/wp\/v2\/media\/6968"}],"wp:attachment":[{"href":"https:\/\/eterle.cz\/eshop\/wp-json\/wp\/v2\/media?parent=6967"}],"wp:term":[{"taxonomy":"product_brand","embeddable":true,"href":"https:\/\/eterle.cz\/eshop\/wp-json\/wp\/v2\/product_brand?post=6967"},{"taxonomy":"product_cat","embeddable":true,"href":"https:\/\/eterle.cz\/eshop\/wp-json\/wp\/v2\/product_cat?post=6967"},{"taxonomy":"product_tag","embeddable":true,"href":"https:\/\/eterle.cz\/eshop\/wp-json\/wp\/v2\/product_tag?post=6967"}],"curies":[{"name":"wp","href":"https:\/\/api.w.org\/{rel}","templated":true}]}}