{"id":6972,"date":"2021-06-02T21:03:00","date_gmt":"2021-06-02T19:03:00","guid":{"rendered":"https:\/\/eterle.cz\/eshopprodukt\/sklenena-vaza-4\/"},"modified":"2025-02-16T03:04:55","modified_gmt":"2025-02-16T02:04:55","slug":"sklenena-vaza-4","status":"publish","type":"product","link":"https:\/\/eterle.cz\/eshop\/produkt\/sklenena-vaza-4\/","title":{"rendered":"Sklen\u011bn\u00e1 v\u00e1za"},"content":{"rendered":"<p>Tato v\u00e1za sice nen\u00ed od zn\u00e1m\u00e9ho n\u00e1vrh\u00e1\u0159e, ani od vyhl\u00e1\u0161en\u00e9 skl\u00e1rny, nicm\u00e9n\u011b jsme se ji rozhodly za\u0159adit do v\u00fdb\u011bru na n\u00e1\u0161 eshop. Je vyrobena ve \u0160pan\u011blsku a je ur\u010dena pouze na ru\u010dn\u00ed myt\u00ed, nebo\u0165 zelen\u00e1 barva byla nan\u00e1\u0161ena zevnit\u0159 a to ru\u010dn\u011b a za studena. M\u00e1te -li r\u00e1di bohat\u00e9 v\u00e1zan\u00e9 kv\u011btiny nebo hodn\u011b jednodruhov\u00fdch kv\u00edt\u00ed, bude v\u00e1m tento tvar a veliksot v\u00e1zy vyhovovat.<\/p>\n<p>Zna\u010dka: \u0160pan\u011blsko<br \/>\nStav: Na p\u00e1r m\u00edstech drobn\u00e9 \u0161kr\u00e1bnut\u00ed v barv\u011b<br \/>\nRozm\u011br:<br \/>\nV\u00fd\u0161ka: 25 cm<br \/>\nSpodn\u00ed pr\u016fm\u011br: 9 cm<br \/>\nHorn\u00ed pr\u016fm\u011br: 14,5 cm<\/p>\n","protected":false},"excerpt":{"rendered":"<p>Tato v\u00e1za sice nen\u00ed od zn\u00e1m\u00e9ho n\u00e1vrh\u00e1\u0159e, ani od vyhl\u00e1\u0161en\u00e9 skl\u00e1rny, nicm\u00e9n\u011b jsme se ji rozhodly za\u0159adit do v\u00fdb\u011bru na<\/p>\n","protected":false},"featured_media":6973,"template":"","meta":[],"product_brand":[153],"product_cat":[91],"product_tag":[],"class_list":{"0":"post-6972","1":"product","2":"type-product","3":"status-publish","4":"has-post-thumbnail","6":"product_brand-eterle-cz","7":"product_cat-prodane","9":"first","10":"outofstock","11":"purchasable","12":"product-type-simple"},"_links":{"self":[{"href":"https:\/\/eterle.cz\/eshop\/wp-json\/wp\/v2\/product\/6972","targetHints":{"allow":["GET"]}}],"collection":[{"href":"https:\/\/eterle.cz\/eshop\/wp-json\/wp\/v2\/product"}],"about":[{"href":"https:\/\/eterle.cz\/eshop\/wp-json\/wp\/v2\/types\/product"}],"version-history":[{"count":0,"href":"https:\/\/eterle.cz\/eshop\/wp-json\/wp\/v2\/product\/6972\/revisions"}],"wp:featuredmedia":[{"embeddable":true,"href":"https:\/\/eterle.cz\/eshop\/wp-json\/wp\/v2\/media\/6973"}],"wp:attachment":[{"href":"https:\/\/eterle.cz\/eshop\/wp-json\/wp\/v2\/media?parent=6972"}],"wp:term":[{"taxonomy":"product_brand","embeddable":true,"href":"https:\/\/eterle.cz\/eshop\/wp-json\/wp\/v2\/product_brand?post=6972"},{"taxonomy":"product_cat","embeddable":true,"href":"https:\/\/eterle.cz\/eshop\/wp-json\/wp\/v2\/product_cat?post=6972"},{"taxonomy":"product_tag","embeddable":true,"href":"https:\/\/eterle.cz\/eshop\/wp-json\/wp\/v2\/product_tag?post=6972"}],"curies":[{"name":"wp","href":"https:\/\/api.w.org\/{rel}","templated":true}]}}