{"id":6977,"date":"2021-06-02T21:03:10","date_gmt":"2021-06-02T19:03:10","guid":{"rendered":"https:\/\/eterle.cz\/eshopprodukt\/porcelanova-vaza-kaiser\/"},"modified":"2025-02-16T03:04:55","modified_gmt":"2025-02-16T02:04:55","slug":"porcelanova-vaza-kaiser","status":"publish","type":"product","link":"https:\/\/eterle.cz\/eshop\/produkt\/porcelanova-vaza-kaiser\/","title":{"rendered":"Porcel\u00e1nov\u00e1 v\u00e1za \/ Kaiser"},"content":{"rendered":"<p>V\u00e1za p\u0159ipom\u00ednaj\u00edc\u00ed tvarem amforu s jedn\u00edm uchem poch\u00e1z\u00ed od nem\u011bck\u00e9 porcel\u00e1nky Kaiser s ji\u017e t\u00e9m\u011b\u0159 150 letou histrori\u00ed. V\u00e1za je vyr\u00e1b\u011bna ru\u010dn\u011b, ostatn\u011b jako ka\u017ed\u00fd kus od t\u00e9to porcel\u00e1nky, a m\u00e1 matn\u00fd tzv. biskvitov\u00fd povrch se zaj\u00edmav\u00fdm vzorem. Na ofici\u00e1ln\u00edch str\u00e1nk\u00e1ch spole\u010dnsoti stoj\u00ed moto: Speci\u00e1ln\u011b pro ty, kte\u0159\u00ed si u\u017e\u00edvaj\u00ed pot\u011b\u0161en\u00ed ze \u017eivota i \u010dasu. Jste jedn\u00edm z nich?<\/p>\n<p>Zna\u010dka: <a href=\"https:\/\/eterle.cz\/eshop\/2021\/07\/29\/kaiser\/\">Kaiser<\/a><br \/>\nStav: uvnit\u0159 je v\u00e1za zane\u0161ena od pou\u017e\u00edv\u00e1n\u00ed<br \/>\nRozm\u011br:<br \/>\nV\u00fd\u0161ka: 13 cm<br \/>\nSpodn\u00ed pr\u016fm\u011br: 5,5 cm<br \/>\nHorn\u00ed pr\u016fm\u011br: 4,5 cm<\/p>\n","protected":false},"excerpt":{"rendered":"<p>V\u00e1za p\u0159ipom\u00ednaj\u00edc\u00ed tvarem amforu s jedn\u00edm uchem poch\u00e1z\u00ed od nem\u011bck\u00e9 porcel\u00e1nky Kaiser s ji\u017e t\u00e9m\u011b\u0159 150 letou histrori\u00ed. V\u00e1za je<\/p>\n","protected":false},"featured_media":13424,"template":"","meta":[],"product_brand":[153],"product_cat":[91],"product_tag":[],"class_list":{"0":"post-6977","1":"product","2":"type-product","3":"status-publish","4":"has-post-thumbnail","6":"product_brand-eterle-cz","7":"product_cat-prodane","9":"first","10":"outofstock","11":"purchasable","12":"product-type-simple"},"_links":{"self":[{"href":"https:\/\/eterle.cz\/eshop\/wp-json\/wp\/v2\/product\/6977","targetHints":{"allow":["GET"]}}],"collection":[{"href":"https:\/\/eterle.cz\/eshop\/wp-json\/wp\/v2\/product"}],"about":[{"href":"https:\/\/eterle.cz\/eshop\/wp-json\/wp\/v2\/types\/product"}],"version-history":[{"count":0,"href":"https:\/\/eterle.cz\/eshop\/wp-json\/wp\/v2\/product\/6977\/revisions"}],"wp:featuredmedia":[{"embeddable":true,"href":"https:\/\/eterle.cz\/eshop\/wp-json\/wp\/v2\/media\/13424"}],"wp:attachment":[{"href":"https:\/\/eterle.cz\/eshop\/wp-json\/wp\/v2\/media?parent=6977"}],"wp:term":[{"taxonomy":"product_brand","embeddable":true,"href":"https:\/\/eterle.cz\/eshop\/wp-json\/wp\/v2\/product_brand?post=6977"},{"taxonomy":"product_cat","embeddable":true,"href":"https:\/\/eterle.cz\/eshop\/wp-json\/wp\/v2\/product_cat?post=6977"},{"taxonomy":"product_tag","embeddable":true,"href":"https:\/\/eterle.cz\/eshop\/wp-json\/wp\/v2\/product_tag?post=6977"}],"curies":[{"name":"wp","href":"https:\/\/api.w.org\/{rel}","templated":true}]}}