{"id":6982,"date":"2021-06-02T21:03:18","date_gmt":"2021-06-02T19:03:18","guid":{"rendered":"https:\/\/eterle.cz\/eshopprodukt\/servirovaci-talir-s-kulickama\/"},"modified":"2025-02-16T03:04:55","modified_gmt":"2025-02-16T02:04:55","slug":"servirovaci-talir-s-kulickama","status":"publish","type":"product","link":"https:\/\/eterle.cz\/eshop\/produkt\/servirovaci-talir-s-kulickama\/","title":{"rendered":"M\u00edsa s kuli\u010dkama"},"content":{"rendered":"<p>Serv\u00edrovac\u00ed m\u00edsa s ozdobn\u00fdmi kuli\u010dkami po okraji bude skv\u011bl\u00fdm pomocn\u00edkem p\u0159i va\u0161em stolov\u00e1n\u00ed. My ji vid\u00edme nap\u0159\u00edklad plnou sez\u00f3nn\u00edho ovoce.<\/p>\n<p>Stav: miniaturn\u00ed bublinky ve skle a po\u0161kr\u00e1b\u00e1n\u00ed<br \/>\nRozm\u011br<\/p>\n<p>Pr\u016fm\u011br: 27 cm<\/p>\n<p>V\u00fd\u0161ka: 3 cm<\/p>\n","protected":false},"excerpt":{"rendered":"<p>Serv\u00edrovac\u00ed m\u00edsa s ozdobn\u00fdmi kuli\u010dkami po okraji bude skv\u011bl\u00fdm pomocn\u00edkem p\u0159i va\u0161em stolov\u00e1n\u00ed. My ji vid\u00edme nap\u0159\u00edklad plnou sez\u00f3nn\u00edho ovoce.<\/p>\n","protected":false},"featured_media":6983,"template":"","meta":[],"product_brand":[153],"product_cat":[91],"product_tag":[],"class_list":{"0":"post-6982","1":"product","2":"type-product","3":"status-publish","4":"has-post-thumbnail","6":"product_brand-eterle-cz","7":"product_cat-prodane","9":"first","10":"outofstock","11":"purchasable","12":"product-type-simple"},"_links":{"self":[{"href":"https:\/\/eterle.cz\/eshop\/wp-json\/wp\/v2\/product\/6982","targetHints":{"allow":["GET"]}}],"collection":[{"href":"https:\/\/eterle.cz\/eshop\/wp-json\/wp\/v2\/product"}],"about":[{"href":"https:\/\/eterle.cz\/eshop\/wp-json\/wp\/v2\/types\/product"}],"version-history":[{"count":2,"href":"https:\/\/eterle.cz\/eshop\/wp-json\/wp\/v2\/product\/6982\/revisions"}],"predecessor-version":[{"id":8925,"href":"https:\/\/eterle.cz\/eshop\/wp-json\/wp\/v2\/product\/6982\/revisions\/8925"}],"wp:featuredmedia":[{"embeddable":true,"href":"https:\/\/eterle.cz\/eshop\/wp-json\/wp\/v2\/media\/6983"}],"wp:attachment":[{"href":"https:\/\/eterle.cz\/eshop\/wp-json\/wp\/v2\/media?parent=6982"}],"wp:term":[{"taxonomy":"product_brand","embeddable":true,"href":"https:\/\/eterle.cz\/eshop\/wp-json\/wp\/v2\/product_brand?post=6982"},{"taxonomy":"product_cat","embeddable":true,"href":"https:\/\/eterle.cz\/eshop\/wp-json\/wp\/v2\/product_cat?post=6982"},{"taxonomy":"product_tag","embeddable":true,"href":"https:\/\/eterle.cz\/eshop\/wp-json\/wp\/v2\/product_tag?post=6982"}],"curies":[{"name":"wp","href":"https:\/\/api.w.org\/{rel}","templated":true}]}}