{"id":6990,"date":"2021-06-02T21:03:32","date_gmt":"2021-06-02T19:03:32","guid":{"rendered":"https:\/\/eterle.cz\/eshopprodukt\/zamecka-lenoska\/"},"modified":"2025-02-16T03:04:54","modified_gmt":"2025-02-16T02:04:54","slug":"zamecka-lenoska","status":"publish","type":"product","link":"https:\/\/eterle.cz\/eshop\/produkt\/zamecka-lenoska\/","title":{"rendered":"Z\u00e1meck\u00e1 leno\u0161ka"},"content":{"rendered":"<p>Leno\u0161ka v z\u00e1meck\u00e9m stylu zachr\u00e1n\u011bna ze secesn\u00ed vily v Dob\u0159\u00ed\u0161i. Nov\u011b \u010daloun\u011bn\u00e1 v decentn\u00ed kombinaci bled\u011bmodr\u00e9 s b\u00e9\u017eovou.<\/p>\n<p>Stav: po \u010d\u00e1ste\u010dn\u00e9 renovaci &#8211; nov\u00e9 \u010dalounen\u00ed, p\u016fvdon\u00ed vnit\u0159ek a d\u0159evo<br \/>\nRozm\u011br:<br \/>\nCelkov\u00e1 v\u00fd\u0161ka: 98 cm<br \/>\nV\u00fd\u0161ka sedu: 43 cm<br \/>\nHloubka sedu: 55 cm<br \/>\n\u0160\u00ed\u0159ka sedu: 150 cm<br \/>\n\u0160\u00ed\u0159ka celkem: 200 cm<\/p>\n","protected":false},"excerpt":{"rendered":"<p>Leno\u0161ka v z\u00e1meck\u00e9m stylu zachr\u00e1n\u011bna ze secesn\u00ed vily v Dob\u0159\u00ed\u0161i. Nov\u011b \u010daloun\u011bn\u00e1 v decentn\u00ed kombinaci bled\u011bmodr\u00e9 s b\u00e9\u017eovou. Stav: po<\/p>\n","protected":false},"featured_media":6991,"template":"","meta":[],"product_brand":[153],"product_cat":[91],"product_tag":[],"class_list":{"0":"post-6990","1":"product","2":"type-product","3":"status-publish","4":"has-post-thumbnail","6":"product_brand-eterle-cz","7":"product_cat-prodane","8":"product_shipping_class-nadrozmerne","10":"first","11":"outofstock","12":"purchasable","13":"product-type-simple"},"_links":{"self":[{"href":"https:\/\/eterle.cz\/eshop\/wp-json\/wp\/v2\/product\/6990","targetHints":{"allow":["GET"]}}],"collection":[{"href":"https:\/\/eterle.cz\/eshop\/wp-json\/wp\/v2\/product"}],"about":[{"href":"https:\/\/eterle.cz\/eshop\/wp-json\/wp\/v2\/types\/product"}],"version-history":[{"count":0,"href":"https:\/\/eterle.cz\/eshop\/wp-json\/wp\/v2\/product\/6990\/revisions"}],"wp:featuredmedia":[{"embeddable":true,"href":"https:\/\/eterle.cz\/eshop\/wp-json\/wp\/v2\/media\/6991"}],"wp:attachment":[{"href":"https:\/\/eterle.cz\/eshop\/wp-json\/wp\/v2\/media?parent=6990"}],"wp:term":[{"taxonomy":"product_brand","embeddable":true,"href":"https:\/\/eterle.cz\/eshop\/wp-json\/wp\/v2\/product_brand?post=6990"},{"taxonomy":"product_cat","embeddable":true,"href":"https:\/\/eterle.cz\/eshop\/wp-json\/wp\/v2\/product_cat?post=6990"},{"taxonomy":"product_tag","embeddable":true,"href":"https:\/\/eterle.cz\/eshop\/wp-json\/wp\/v2\/product_tag?post=6990"}],"curies":[{"name":"wp","href":"https:\/\/api.w.org\/{rel}","templated":true}]}}