{"id":7011,"date":"2021-06-02T21:04:06","date_gmt":"2021-06-02T19:04:06","guid":{"rendered":"https:\/\/eterle.cz\/eshopprodukt\/komoda-u-453-jiroutek\/"},"modified":"2025-02-16T03:04:53","modified_gmt":"2025-02-16T02:04:53","slug":"komoda-u-453-jiroutek","status":"publish","type":"product","link":"https:\/\/eterle.cz\/eshop\/produkt\/komoda-u-453-jiroutek\/","title":{"rendered":"Komoda U-453 \/ Jiroutek"},"content":{"rendered":"<p>Sk\u0159\u00ed\u0148ka poch\u00e1zej\u00edc\u00ed ze slavn\u00e9 s\u00e9rie Universal (U-450), kterou navrhl v roce 1958 pro \u010deskoslovensk\u00fd n\u00e1rodn\u00ed podnik Interi\u00e9r Praha \u010desk\u00fd n\u00e1vrh\u00e1\u0159 <a href=\"https:\/\/eterle.cz\/eshop\/2021\/07\/29\/jiri-jiroutek\/\">Ji\u0159\u00ed Jiroutek<\/a>. Po \u00fasp\u011bchu \u010desk\u00e9ho pavilonu na Bruselsk\u00e9m Expu \u201858 n\u00e1sledoval rozmach modernistick\u00e9ho stylu (v \u010ceskoslovensku zvan\u00fd \u201eBruselsk\u00fd styl\u201c). Jedn\u00edm z nejv\u00fdrazn\u011bj\u0161\u00edch p\u0159edstavitel\u016f bruselsk\u00e9ho stylu jsou pr\u00e1v\u011b sk\u0159\u00ed\u0148ky a komody ze s\u00e9rie U-450. Sk\u0159\u00ed\u0148ka s ozna\u010den\u00edm U-453 je komoda s osmi \u0161upl\u00edky. Sk\u0159\u00ed\u0148ka m\u00e1 d\u00fdhovan\u00fd (dub) povrch. Podno\u017e je vyroben\u00e1 ze smrkov\u00e9ho masivu.<\/p>\n<p>Stav: po renovaci<br \/>\nRozm\u011br:<br \/>\nV\u00fd\u0161ka: 77 cm<br \/>\nD\u00e9lka: 111 cm<br \/>\nHloubka: 45 cm<\/p>\n","protected":false},"excerpt":{"rendered":"<p>Sk\u0159\u00ed\u0148ka poch\u00e1zej\u00edc\u00ed ze slavn\u00e9 s\u00e9rie Universal (U-450), kterou navrhl v roce 1958 pro \u010deskoslovensk\u00fd n\u00e1rodn\u00ed podnik Interi\u00e9r Praha \u010desk\u00fd n\u00e1vrh\u00e1\u0159<\/p>\n","protected":false},"featured_media":7012,"template":"","meta":[],"product_brand":[153],"product_cat":[91],"product_tag":[],"class_list":{"0":"post-7011","1":"product","2":"type-product","3":"status-publish","4":"has-post-thumbnail","6":"product_brand-eterle-cz","7":"product_cat-prodane","8":"product_shipping_class-nadrozmerne","10":"first","11":"outofstock","12":"purchasable","13":"product-type-simple"},"_links":{"self":[{"href":"https:\/\/eterle.cz\/eshop\/wp-json\/wp\/v2\/product\/7011","targetHints":{"allow":["GET"]}}],"collection":[{"href":"https:\/\/eterle.cz\/eshop\/wp-json\/wp\/v2\/product"}],"about":[{"href":"https:\/\/eterle.cz\/eshop\/wp-json\/wp\/v2\/types\/product"}],"version-history":[{"count":0,"href":"https:\/\/eterle.cz\/eshop\/wp-json\/wp\/v2\/product\/7011\/revisions"}],"wp:featuredmedia":[{"embeddable":true,"href":"https:\/\/eterle.cz\/eshop\/wp-json\/wp\/v2\/media\/7012"}],"wp:attachment":[{"href":"https:\/\/eterle.cz\/eshop\/wp-json\/wp\/v2\/media?parent=7011"}],"wp:term":[{"taxonomy":"product_brand","embeddable":true,"href":"https:\/\/eterle.cz\/eshop\/wp-json\/wp\/v2\/product_brand?post=7011"},{"taxonomy":"product_cat","embeddable":true,"href":"https:\/\/eterle.cz\/eshop\/wp-json\/wp\/v2\/product_cat?post=7011"},{"taxonomy":"product_tag","embeddable":true,"href":"https:\/\/eterle.cz\/eshop\/wp-json\/wp\/v2\/product_tag?post=7011"}],"curies":[{"name":"wp","href":"https:\/\/api.w.org\/{rel}","templated":true}]}}