{"id":7020,"date":"2021-06-02T21:04:27","date_gmt":"2021-06-02T19:04:27","guid":{"rendered":"https:\/\/eterle.cz\/eshopprodukt\/lustr-z-opaloveho-skla-stepan-tabera-2\/"},"modified":"2025-02-16T03:04:53","modified_gmt":"2025-02-16T02:04:53","slug":"lustr-z-opaloveho-skla-stepan-tabera-2","status":"publish","type":"product","link":"https:\/\/eterle.cz\/eshop\/produkt\/lustr-z-opaloveho-skla-stepan-tabera-2\/","title":{"rendered":"Lustr z op\u00e1lov\u00e9ho skla \/ \u0160t\u011bp\u00e1n Tabery"},"content":{"rendered":"<p>St\u00ednidlo je vyrobeno z op\u00e1lov\u00e9ho skla v leskl\u00e9 v\u00fdrazn\u00e9 \u017elut\u00e9 barv\u011b. Lustr poch\u00e1z\u00ed od n\u00e1vrh\u00e1\u0159e \u0160t\u011bp\u00e1na Tabery, kter\u00fd pracoval pro podnik OPP Jihlava. \u010cist\u00fdm tvarem i v\u00fdraznou barvou se bude kr\u00e1sn\u011b hodit jak do modern\u00edho interi\u00e9ru tak do retro stylu. Rozhodn\u011b s ebude jednat o v\u00fdrazn\u00fd prvek, kter\u00fd upout\u00e1 pozornost.<\/p>\n<p>Stav: st\u00ednidlo perfektn\u00ed, ty\u010d s patinou (m\u00edrn\u00e9 od\u011brky a rez). Funk\u010dn\u00ed, elektroinstalce p\u016fvdn\u00ed.<\/p>\n<p>Zna\u010dka: \u0160t\u011bp\u00e1n Tabery<\/p>\n<p>Rozm\u011br:<br \/>\nD\u00e9lka: 64 cm<br \/>\nPr\u016fm\u011br: 30 cm<br \/>\nD\u00e9lka st\u00ednidla: 30 cm<\/p>\n","protected":false},"excerpt":{"rendered":"<p>St\u00ednidlo je vyrobeno z op\u00e1lov\u00e9ho skla v leskl\u00e9 v\u00fdrazn\u00e9 \u017elut\u00e9 barv\u011b. Lustr poch\u00e1z\u00ed od n\u00e1vrh\u00e1\u0159e \u0160t\u011bp\u00e1na Tabery, kter\u00fd pracoval pro<\/p>\n","protected":false},"featured_media":7021,"template":"","meta":[],"product_brand":[153],"product_cat":[91],"product_tag":[],"class_list":{"0":"post-7020","1":"product","2":"type-product","3":"status-publish","4":"has-post-thumbnail","6":"product_brand-eterle-cz","7":"product_cat-prodane","9":"first","10":"outofstock","11":"purchasable","12":"product-type-simple"},"_links":{"self":[{"href":"https:\/\/eterle.cz\/eshop\/wp-json\/wp\/v2\/product\/7020","targetHints":{"allow":["GET"]}}],"collection":[{"href":"https:\/\/eterle.cz\/eshop\/wp-json\/wp\/v2\/product"}],"about":[{"href":"https:\/\/eterle.cz\/eshop\/wp-json\/wp\/v2\/types\/product"}],"version-history":[{"count":0,"href":"https:\/\/eterle.cz\/eshop\/wp-json\/wp\/v2\/product\/7020\/revisions"}],"wp:featuredmedia":[{"embeddable":true,"href":"https:\/\/eterle.cz\/eshop\/wp-json\/wp\/v2\/media\/7021"}],"wp:attachment":[{"href":"https:\/\/eterle.cz\/eshop\/wp-json\/wp\/v2\/media?parent=7020"}],"wp:term":[{"taxonomy":"product_brand","embeddable":true,"href":"https:\/\/eterle.cz\/eshop\/wp-json\/wp\/v2\/product_brand?post=7020"},{"taxonomy":"product_cat","embeddable":true,"href":"https:\/\/eterle.cz\/eshop\/wp-json\/wp\/v2\/product_cat?post=7020"},{"taxonomy":"product_tag","embeddable":true,"href":"https:\/\/eterle.cz\/eshop\/wp-json\/wp\/v2\/product_tag?post=7020"}],"curies":[{"name":"wp","href":"https:\/\/api.w.org\/{rel}","templated":true}]}}