{"id":7038,"date":"2021-06-02T21:05:04","date_gmt":"2021-06-02T19:05:04","guid":{"rendered":"https:\/\/eterle.cz\/eshopprodukt\/doza-lichte\/"},"modified":"2025-02-16T03:04:52","modified_gmt":"2025-02-16T02:04:52","slug":"doza-lichte","status":"publish","type":"product","link":"https:\/\/eterle.cz\/eshop\/produkt\/doza-lichte\/","title":{"rendered":"Do\u017aa \/ Lichte"},"content":{"rendered":"<p>Lichte je t\u00e9m\u011b\u0159 200 let star\u00e1 n\u011bmeck\u00e1 porcel\u00e1nka. Zpo\u010d\u00e1tku se zam\u011b\u0159ovala na v\u00fdrobu b\u011b\u017en\u00e9ho stoln\u00edho n\u00e1dob\u00ed, pozd\u011bji ale v\u00fdroba p\u0159e\u0161la k luxusn\u00edmu a dekora\u010dn\u00edmu zbo\u017e\u00ed.<\/p>\n<p>Tradice a preciznost je vid\u011bt i na t\u00e9to d\u00f3ze. Odr\u00e1\u017e\u00ed se zde nad\u010dasov\u00e1 elegance, jednoduchost tvaru i n\u00e1paditost vzoru. Vypad\u00e1 velmi luxusn\u011b a jedine\u010dn\u011b. V interi\u00e9ru jist\u011b okam\u017eit\u011b zaujme. <\/p>\n<p>Ve stejn\u00e9m dekoru m\u00e1me k dispozici dv\u011b v\u00e1zy a v\u011bt\u0161\u00ed d\u00f3zu.<\/p>\n<p>Zna\u010dka: Lichte<br \/>\nStav: perfektn\u00ed<br \/>\nRozm\u011br:<br \/>\nV\u00fd\u0161ka: 10 cm<br \/>\nPr\u016fm\u011br: 9 cm<\/p>\n","protected":false},"excerpt":{"rendered":"<p>Lichte je t\u00e9m\u011b\u0159 200 let star\u00e1 n\u011bmeck\u00e1 porcel\u00e1nka. Zpo\u010d\u00e1tku se zam\u011b\u0159ovala na v\u00fdrobu b\u011b\u017en\u00e9ho stoln\u00edho n\u00e1dob\u00ed, pozd\u011bji ale v\u00fdroba p\u0159e\u0161la<\/p>\n","protected":false},"featured_media":7039,"template":"","meta":[],"product_brand":[153],"product_cat":[91],"product_tag":[],"class_list":{"0":"post-7038","1":"product","2":"type-product","3":"status-publish","4":"has-post-thumbnail","6":"product_brand-eterle-cz","7":"product_cat-prodane","9":"first","10":"outofstock","11":"purchasable","12":"product-type-simple"},"_links":{"self":[{"href":"https:\/\/eterle.cz\/eshop\/wp-json\/wp\/v2\/product\/7038","targetHints":{"allow":["GET"]}}],"collection":[{"href":"https:\/\/eterle.cz\/eshop\/wp-json\/wp\/v2\/product"}],"about":[{"href":"https:\/\/eterle.cz\/eshop\/wp-json\/wp\/v2\/types\/product"}],"version-history":[{"count":0,"href":"https:\/\/eterle.cz\/eshop\/wp-json\/wp\/v2\/product\/7038\/revisions"}],"wp:featuredmedia":[{"embeddable":true,"href":"https:\/\/eterle.cz\/eshop\/wp-json\/wp\/v2\/media\/7039"}],"wp:attachment":[{"href":"https:\/\/eterle.cz\/eshop\/wp-json\/wp\/v2\/media?parent=7038"}],"wp:term":[{"taxonomy":"product_brand","embeddable":true,"href":"https:\/\/eterle.cz\/eshop\/wp-json\/wp\/v2\/product_brand?post=7038"},{"taxonomy":"product_cat","embeddable":true,"href":"https:\/\/eterle.cz\/eshop\/wp-json\/wp\/v2\/product_cat?post=7038"},{"taxonomy":"product_tag","embeddable":true,"href":"https:\/\/eterle.cz\/eshop\/wp-json\/wp\/v2\/product_tag?post=7038"}],"curies":[{"name":"wp","href":"https:\/\/api.w.org\/{rel}","templated":true}]}}