{"id":7155,"date":"2021-07-19T13:20:07","date_gmt":"2021-07-19T11:20:07","guid":{"rendered":"https:\/\/eterle.cz\/eshopprodukt\/elegantni-cajova-sada\/"},"modified":"2025-02-16T03:04:51","modified_gmt":"2025-02-16T02:04:51","slug":"elegantni-cajova-sada","status":"publish","type":"product","link":"https:\/\/eterle.cz\/eshop\/produkt\/elegantni-cajova-sada\/","title":{"rendered":"Elegantn\u00ed \u010dajov\u00e1 sada"},"content":{"rendered":"<p>Jednoduchost a n\u011b\u017en\u00e1 kr\u00e1sa pot\u011b\u0161\u00ed poetick\u00e9 du\u0161e. Velikost konvice (550 ml) pak ty, kte\u0159\u00ed neradi l\u00edtaj\u00ed s ka\u017ed\u00fdm vypit\u00fdm hrne\u010dkem do kuchyn\u011b. Za n\u00e1s je to ide\u00e1ln\u00ed kombinace.<\/p>\n<p>Tyto dva kousky sice nepat\u0159\u00ed k sob\u011b, ale jakoby pat\u0159ily. Tvarem k sob\u011b dokonale lad\u00ed a vzor na hrne\u010dku (Lou\u010dky) kr\u00e1sn\u011b dopln\u00ed \u010dist\u011b b\u00edlou konvici (Arsberg). Za n\u00e1s je to skv\u011bl\u00e1 uk\u00e1zka toho, jak se d\u00e1 vintage porcel\u00e1n kombinovat.<\/p>\n<p>Zna\u010dka: hrne\u010dek &#8211; Lou\u010dky, konvi\u010dka &#8211; Arsberg<br \/>\nStav: perfektn\u00ed<br \/>\nRozm\u011br hrne\u010dku:<br \/>\nV\u00fd\u0161ka: 6,5 cm<br \/>\nPr\u016fm\u011br: 7 cm<br \/>\nObjem: 160 ml<br \/>\nObjem konvice 550 ml<\/p>\n","protected":false},"excerpt":{"rendered":"<p>Jednoduchost a n\u011b\u017en\u00e1 kr\u00e1sa pot\u011b\u0161\u00ed poetick\u00e9 du\u0161e. Velikost konvice (550 ml) pak ty, kte\u0159\u00ed neradi l\u00edtaj\u00ed s ka\u017ed\u00fdm vypit\u00fdm hrne\u010dkem<\/p>\n","protected":false},"featured_media":6251,"template":"","meta":[],"product_brand":[153],"product_cat":[91],"product_tag":[],"class_list":{"0":"post-7155","1":"product","2":"type-product","3":"status-publish","4":"has-post-thumbnail","6":"product_brand-eterle-cz","7":"product_cat-prodane","9":"first","10":"outofstock","11":"purchasable","12":"product-type-simple"},"_links":{"self":[{"href":"https:\/\/eterle.cz\/eshop\/wp-json\/wp\/v2\/product\/7155","targetHints":{"allow":["GET"]}}],"collection":[{"href":"https:\/\/eterle.cz\/eshop\/wp-json\/wp\/v2\/product"}],"about":[{"href":"https:\/\/eterle.cz\/eshop\/wp-json\/wp\/v2\/types\/product"}],"version-history":[{"count":1,"href":"https:\/\/eterle.cz\/eshop\/wp-json\/wp\/v2\/product\/7155\/revisions"}],"predecessor-version":[{"id":15931,"href":"https:\/\/eterle.cz\/eshop\/wp-json\/wp\/v2\/product\/7155\/revisions\/15931"}],"wp:featuredmedia":[{"embeddable":true,"href":"https:\/\/eterle.cz\/eshop\/wp-json\/wp\/v2\/media\/6251"}],"wp:attachment":[{"href":"https:\/\/eterle.cz\/eshop\/wp-json\/wp\/v2\/media?parent=7155"}],"wp:term":[{"taxonomy":"product_brand","embeddable":true,"href":"https:\/\/eterle.cz\/eshop\/wp-json\/wp\/v2\/product_brand?post=7155"},{"taxonomy":"product_cat","embeddable":true,"href":"https:\/\/eterle.cz\/eshop\/wp-json\/wp\/v2\/product_cat?post=7155"},{"taxonomy":"product_tag","embeddable":true,"href":"https:\/\/eterle.cz\/eshop\/wp-json\/wp\/v2\/product_tag?post=7155"}],"curies":[{"name":"wp","href":"https:\/\/api.w.org\/{rel}","templated":true}]}}