{"id":7454,"date":"2021-10-20T22:35:59","date_gmt":"2021-10-20T20:35:59","guid":{"rendered":"https:\/\/eterle.cz\/eshop\/produkt\/mickey-mouse\/"},"modified":"2025-02-16T03:04:51","modified_gmt":"2025-02-16T02:04:51","slug":"mickey-mouse","status":"publish","type":"product","link":"https:\/\/eterle.cz\/eshop\/produkt\/mickey-mouse\/","title":{"rendered":"Mickey mouse"},"content":{"rendered":"<p>Retro plastov\u00e1 dekorace na ze\u010f nejen pro d\u011bti, ale pro jak\u00e9hokoliv milovn\u00edka t\u00e9to obl\u00edben\u00e9 Disney figurky, kter\u00e1 vznikla v roce 1928 spoluprac\u00ed Walta Disneye a Uba Iwerkse. Mickey Mouse je v kr\u00e1sn\u00e9m vintage stylu.<\/p>\n<p>Stav: zachoval\u00fd<br \/>\nRozm\u011br<br \/>\nV\u00fd\u0161ka: 34 cm<br \/>\n\u0160\u00ed\u0159ka: 21 cm<\/p>\n","protected":false},"excerpt":{"rendered":"<p>Retro plastov\u00e1 dekorace na ze\u010f nejen pro d\u011bti, ale pro jak\u00e9hokoliv milovn\u00edka t\u00e9to obl\u00edben\u00e9 Disney figurky, kter\u00e1 vznikla v roce<\/p>\n","protected":false},"featured_media":7255,"template":"","meta":[],"product_brand":[153],"product_cat":[91],"product_tag":[],"class_list":{"0":"post-7454","1":"product","2":"type-product","3":"status-publish","4":"has-post-thumbnail","6":"product_brand-eterle-cz","7":"product_cat-prodane","9":"first","10":"outofstock","11":"purchasable","12":"product-type-simple"},"_links":{"self":[{"href":"https:\/\/eterle.cz\/eshop\/wp-json\/wp\/v2\/product\/7454","targetHints":{"allow":["GET"]}}],"collection":[{"href":"https:\/\/eterle.cz\/eshop\/wp-json\/wp\/v2\/product"}],"about":[{"href":"https:\/\/eterle.cz\/eshop\/wp-json\/wp\/v2\/types\/product"}],"version-history":[{"count":0,"href":"https:\/\/eterle.cz\/eshop\/wp-json\/wp\/v2\/product\/7454\/revisions"}],"wp:featuredmedia":[{"embeddable":true,"href":"https:\/\/eterle.cz\/eshop\/wp-json\/wp\/v2\/media\/7255"}],"wp:attachment":[{"href":"https:\/\/eterle.cz\/eshop\/wp-json\/wp\/v2\/media?parent=7454"}],"wp:term":[{"taxonomy":"product_brand","embeddable":true,"href":"https:\/\/eterle.cz\/eshop\/wp-json\/wp\/v2\/product_brand?post=7454"},{"taxonomy":"product_cat","embeddable":true,"href":"https:\/\/eterle.cz\/eshop\/wp-json\/wp\/v2\/product_cat?post=7454"},{"taxonomy":"product_tag","embeddable":true,"href":"https:\/\/eterle.cz\/eshop\/wp-json\/wp\/v2\/product_tag?post=7454"}],"curies":[{"name":"wp","href":"https:\/\/api.w.org\/{rel}","templated":true}]}}