{"id":7455,"date":"2021-10-20T22:36:02","date_gmt":"2021-10-20T20:36:02","guid":{"rendered":"https:\/\/eterle.cz\/eshop\/produkt\/dyne-placata\/"},"modified":"2025-02-16T03:04:51","modified_gmt":"2025-02-16T02:04:51","slug":"dyne-placata","status":"publish","type":"product","link":"https:\/\/eterle.cz\/eshop\/produkt\/dyne-placata\/","title":{"rendered":"D\u00fdn\u011b placat\u00e1"},"content":{"rendered":"<p>Ide\u00e1ln\u00ed podzimn\u00ed dekorace, pokud m\u00e1te doma moc teplo a \u017eiv\u00e9 d\u00fdn\u011b by v\u00e1m nevydr\u017eely a nebo preferujete tlumen\u011bj\u0161\u00ed barvy. Keramick\u00e1 d\u00fdn\u011b je v pastelov\u00e9 barv\u011b a jednotliv\u00e9 kusy se mohou v odst\u00ednech trochu odli\u0161ovat. Aran\u017em\u00e1 bude vypadat zaj\u00edmav\u011bji, pokud nakombinujete v\u00edce tvar\u016f, kter\u00e9 m\u00e1me k disozici.<\/p>\n<p>Stav: drobn\u00e9 v\u00fdrobn\u00ed kazy v glazu\u0159e<br \/>\nRozm\u011br<br \/>\nV\u00fd\u0161ka: 6 cm<br \/>\nObvod: 36 cm<\/p>\n","protected":false},"excerpt":{"rendered":"<p>Ide\u00e1ln\u00ed podzimn\u00ed dekorace, pokud m\u00e1te doma moc teplo a \u017eiv\u00e9 d\u00fdn\u011b by v\u00e1m nevydr\u017eely a nebo preferujete tlumen\u011bj\u0161\u00ed barvy. Keramick\u00e1<\/p>\n","protected":false},"featured_media":7257,"template":"","meta":[],"product_brand":[153],"product_cat":[91],"product_tag":[],"class_list":{"0":"post-7455","1":"product","2":"type-product","3":"status-publish","4":"has-post-thumbnail","6":"product_brand-eterle-cz","7":"product_cat-prodane","9":"first","10":"outofstock","11":"purchasable","12":"product-type-simple"},"_links":{"self":[{"href":"https:\/\/eterle.cz\/eshop\/wp-json\/wp\/v2\/product\/7455","targetHints":{"allow":["GET"]}}],"collection":[{"href":"https:\/\/eterle.cz\/eshop\/wp-json\/wp\/v2\/product"}],"about":[{"href":"https:\/\/eterle.cz\/eshop\/wp-json\/wp\/v2\/types\/product"}],"version-history":[{"count":0,"href":"https:\/\/eterle.cz\/eshop\/wp-json\/wp\/v2\/product\/7455\/revisions"}],"wp:featuredmedia":[{"embeddable":true,"href":"https:\/\/eterle.cz\/eshop\/wp-json\/wp\/v2\/media\/7257"}],"wp:attachment":[{"href":"https:\/\/eterle.cz\/eshop\/wp-json\/wp\/v2\/media?parent=7455"}],"wp:term":[{"taxonomy":"product_brand","embeddable":true,"href":"https:\/\/eterle.cz\/eshop\/wp-json\/wp\/v2\/product_brand?post=7455"},{"taxonomy":"product_cat","embeddable":true,"href":"https:\/\/eterle.cz\/eshop\/wp-json\/wp\/v2\/product_cat?post=7455"},{"taxonomy":"product_tag","embeddable":true,"href":"https:\/\/eterle.cz\/eshop\/wp-json\/wp\/v2\/product_tag?post=7455"}],"curies":[{"name":"wp","href":"https:\/\/api.w.org\/{rel}","templated":true}]}}