{"id":7458,"date":"2021-10-20T22:36:13","date_gmt":"2021-10-20T20:36:13","guid":{"rendered":"https:\/\/eterle.cz\/eshop\/produkt\/dyne-velka\/"},"modified":"2025-02-16T03:04:50","modified_gmt":"2025-02-16T02:04:50","slug":"dyne-velka","status":"publish","type":"product","link":"https:\/\/eterle.cz\/eshop\/produkt\/dyne-velka\/","title":{"rendered":"D\u00fdn\u011b velk\u00e1"},"content":{"rendered":"<p>Ide\u00e1ln\u00ed podzimn\u00ed dekorace, pokud m\u00e1te doma moc teplo a \u017eiv\u00e9 d\u00fdn\u011b by v\u00e1m nevydr\u017eely a nebo preferujete tlumen\u011bj\u0161\u00ed barvy. Keramick\u00e1 d\u00fdn\u011b je v pastelov\u00e9 barv\u011b a jednotliv\u00e9 kusy se mohou v odst\u00ednech trochu odli\u0161ovat. Aran\u017em\u00e1 bude vypadat zaj\u00edmav\u011bji, pokud nakombinujete v\u00edce tvar\u016f, kter\u00e9 m\u00e1me k disozici.<\/p>\n<p>Stav: drobn\u00e9 v\u00fdrobn\u00ed kazy v glazu\u0159e<br \/>\nRozm\u011br<br \/>\nV\u00fd\u0161ka: 14 cm<br \/>\nObvod: 40 cm<\/p>\n","protected":false},"excerpt":{"rendered":"<p>Ide\u00e1ln\u00ed podzimn\u00ed dekorace, pokud m\u00e1te doma moc teplo a \u017eiv\u00e9 d\u00fdn\u011b by v\u00e1m nevydr\u017eely a nebo preferujete tlumen\u011bj\u0161\u00ed barvy. Keramick\u00e1<\/p>\n","protected":false},"featured_media":7272,"template":"","meta":[],"product_brand":[153],"product_cat":[91],"product_tag":[],"class_list":{"0":"post-7458","1":"product","2":"type-product","3":"status-publish","4":"has-post-thumbnail","6":"product_brand-eterle-cz","7":"product_cat-prodane","9":"first","10":"outofstock","11":"purchasable","12":"product-type-simple"},"_links":{"self":[{"href":"https:\/\/eterle.cz\/eshop\/wp-json\/wp\/v2\/product\/7458","targetHints":{"allow":["GET"]}}],"collection":[{"href":"https:\/\/eterle.cz\/eshop\/wp-json\/wp\/v2\/product"}],"about":[{"href":"https:\/\/eterle.cz\/eshop\/wp-json\/wp\/v2\/types\/product"}],"version-history":[{"count":0,"href":"https:\/\/eterle.cz\/eshop\/wp-json\/wp\/v2\/product\/7458\/revisions"}],"wp:featuredmedia":[{"embeddable":true,"href":"https:\/\/eterle.cz\/eshop\/wp-json\/wp\/v2\/media\/7272"}],"wp:attachment":[{"href":"https:\/\/eterle.cz\/eshop\/wp-json\/wp\/v2\/media?parent=7458"}],"wp:term":[{"taxonomy":"product_brand","embeddable":true,"href":"https:\/\/eterle.cz\/eshop\/wp-json\/wp\/v2\/product_brand?post=7458"},{"taxonomy":"product_cat","embeddable":true,"href":"https:\/\/eterle.cz\/eshop\/wp-json\/wp\/v2\/product_cat?post=7458"},{"taxonomy":"product_tag","embeddable":true,"href":"https:\/\/eterle.cz\/eshop\/wp-json\/wp\/v2\/product_tag?post=7458"}],"curies":[{"name":"wp","href":"https:\/\/api.w.org\/{rel}","templated":true}]}}