{"id":7459,"date":"2021-10-20T22:36:19","date_gmt":"2021-10-20T20:36:19","guid":{"rendered":"https:\/\/eterle.cz\/eshop\/produkt\/starozitny-smaltovany-nocnik-kulaty\/"},"modified":"2025-02-16T03:04:49","modified_gmt":"2025-02-16T02:04:49","slug":"starozitny-smaltovany-nocnik-kulaty","status":"publish","type":"product","link":"https:\/\/eterle.cz\/eshop\/produkt\/starozitny-smaltovany-nocnik-kulaty\/","title":{"rendered":"Staro\u017eitn\u00fd smaltovan\u00fd no\u010dn\u00edk kulat\u00fd"},"content":{"rendered":"<p>Tento typ smaltovan\u00e9ho no\u010dn\u00edku pou\u017e\u00edvala je\u0161t\u011b moje m\u00e1ma. Na prdelce trochu stud\u00ed, ale jako d\u00e1rek pro nast\u00e1vaj\u00edc\u00ed maminku, kter\u00e1 m\u00e1 r\u00e1da retro to vadit nebude. Pou\u017e\u00edt se d\u00e1 i jako obal na kv\u011btin\u00e1\u010d.<\/p>\n<p>Stav: patina, na dvou m\u00edstech drobn\u00fd o\u0165uk a rez<br \/>\nRozm\u011br<br \/>\nV\u00fd\u0161ka: 11,5 cm<br \/>\nPr\u016fm\u011br: 20 cm<\/p>\n","protected":false},"excerpt":{"rendered":"<p>Tento typ smaltovan\u00e9ho no\u010dn\u00edku pou\u017e\u00edvala je\u0161t\u011b moje m\u00e1ma. Na prdelce trochu stud\u00ed, ale jako d\u00e1rek pro nast\u00e1vaj\u00edc\u00ed maminku, kter\u00e1 m\u00e1<\/p>\n","protected":false},"featured_media":7278,"template":"","meta":[],"product_brand":[153],"product_cat":[91],"product_tag":[],"class_list":{"0":"post-7459","1":"product","2":"type-product","3":"status-publish","4":"has-post-thumbnail","6":"product_brand-eterle-cz","7":"product_cat-prodane","9":"first","10":"outofstock","11":"purchasable","12":"product-type-simple"},"_links":{"self":[{"href":"https:\/\/eterle.cz\/eshop\/wp-json\/wp\/v2\/product\/7459","targetHints":{"allow":["GET"]}}],"collection":[{"href":"https:\/\/eterle.cz\/eshop\/wp-json\/wp\/v2\/product"}],"about":[{"href":"https:\/\/eterle.cz\/eshop\/wp-json\/wp\/v2\/types\/product"}],"version-history":[{"count":0,"href":"https:\/\/eterle.cz\/eshop\/wp-json\/wp\/v2\/product\/7459\/revisions"}],"wp:featuredmedia":[{"embeddable":true,"href":"https:\/\/eterle.cz\/eshop\/wp-json\/wp\/v2\/media\/7278"}],"wp:attachment":[{"href":"https:\/\/eterle.cz\/eshop\/wp-json\/wp\/v2\/media?parent=7459"}],"wp:term":[{"taxonomy":"product_brand","embeddable":true,"href":"https:\/\/eterle.cz\/eshop\/wp-json\/wp\/v2\/product_brand?post=7459"},{"taxonomy":"product_cat","embeddable":true,"href":"https:\/\/eterle.cz\/eshop\/wp-json\/wp\/v2\/product_cat?post=7459"},{"taxonomy":"product_tag","embeddable":true,"href":"https:\/\/eterle.cz\/eshop\/wp-json\/wp\/v2\/product_tag?post=7459"}],"curies":[{"name":"wp","href":"https:\/\/api.w.org\/{rel}","templated":true}]}}