{"id":7462,"date":"2021-10-20T22:36:24","date_gmt":"2021-10-20T20:36:24","guid":{"rendered":"https:\/\/eterle.cz\/eshop\/produkt\/kovovy-svicen-2\/"},"modified":"2025-02-16T03:04:48","modified_gmt":"2025-02-16T02:04:48","slug":"kovovy-svicen-2","status":"publish","type":"product","link":"https:\/\/eterle.cz\/eshop\/produkt\/kovovy-svicen-2\/","title":{"rendered":"Kovov\u00fd sv\u00edcen"},"content":{"rendered":"<p>Elegant\u00ed kovov\u00fd sv\u00edcen v kombinaci st\u0159\u00edbrn\u00e9 a zlat\u00e9 barvy n\u00e1m sv\u00fdm tvarem evokuje k\u0159\u00eddla and\u011bla. Kr\u00e1sn\u011b vypad\u00e1 s vysokou konickou sv\u00ed\u010dku t\u00e9m\u011b\u0159 v jak\u00e9koliv barv\u011b.<\/p>\n<p>Stav: velmi dobr\u00fd<br \/>\nRozm\u011br<br \/>\nV\u00fd\u0161ka: 34 cm<br \/>\nPr\u016fm\u011br otovru: 2 cm<\/p>\n","protected":false},"excerpt":{"rendered":"<p>Elegant\u00ed kovov\u00fd sv\u00edcen v kombinaci st\u0159\u00edbrn\u00e9 a zlat\u00e9 barvy n\u00e1m sv\u00fdm tvarem evokuje k\u0159\u00eddla and\u011bla. Kr\u00e1sn\u011b vypad\u00e1 s vysokou konickou<\/p>\n","protected":false},"featured_media":7292,"template":"","meta":[],"product_brand":[153],"product_cat":[91],"product_tag":[],"class_list":{"0":"post-7462","1":"product","2":"type-product","3":"status-publish","4":"has-post-thumbnail","6":"product_brand-eterle-cz","7":"product_cat-prodane","9":"first","10":"outofstock","11":"purchasable","12":"product-type-simple"},"_links":{"self":[{"href":"https:\/\/eterle.cz\/eshop\/wp-json\/wp\/v2\/product\/7462","targetHints":{"allow":["GET"]}}],"collection":[{"href":"https:\/\/eterle.cz\/eshop\/wp-json\/wp\/v2\/product"}],"about":[{"href":"https:\/\/eterle.cz\/eshop\/wp-json\/wp\/v2\/types\/product"}],"version-history":[{"count":0,"href":"https:\/\/eterle.cz\/eshop\/wp-json\/wp\/v2\/product\/7462\/revisions"}],"wp:featuredmedia":[{"embeddable":true,"href":"https:\/\/eterle.cz\/eshop\/wp-json\/wp\/v2\/media\/7292"}],"wp:attachment":[{"href":"https:\/\/eterle.cz\/eshop\/wp-json\/wp\/v2\/media?parent=7462"}],"wp:term":[{"taxonomy":"product_brand","embeddable":true,"href":"https:\/\/eterle.cz\/eshop\/wp-json\/wp\/v2\/product_brand?post=7462"},{"taxonomy":"product_cat","embeddable":true,"href":"https:\/\/eterle.cz\/eshop\/wp-json\/wp\/v2\/product_cat?post=7462"},{"taxonomy":"product_tag","embeddable":true,"href":"https:\/\/eterle.cz\/eshop\/wp-json\/wp\/v2\/product_tag?post=7462"}],"curies":[{"name":"wp","href":"https:\/\/api.w.org\/{rel}","templated":true}]}}