{"id":7466,"date":"2021-10-20T22:36:31","date_gmt":"2021-10-20T20:36:31","guid":{"rendered":"https:\/\/eterle.cz\/eshop\/produkt\/litinovy-stojan-na-stromecek-maly-do-stribrna\/"},"modified":"2025-02-16T03:04:47","modified_gmt":"2025-02-16T02:04:47","slug":"litinovy-stojan-na-stromecek-maly-do-stribrna","status":"publish","type":"product","link":"https:\/\/eterle.cz\/eshop\/produkt\/litinovy-stojan-na-stromecek-maly-do-stribrna\/","title":{"rendered":"Litinov\u00fd stojan na strome\u010dek (mal\u00fd do st\u0159\u00edbrna)"},"content":{"rendered":"<p>Staro\u017eitn\u00fd litinov\u00fd stojan na v\u00e1no\u010dn\u00ed strome\u010dek byl p\u0159ed v\u00e1lkou snad v ka\u017ed\u00e9 dom\u00e1cnosti. Mo\u017en\u00e1 jste ho na p\u016fd\u011b u bybi\u010dky objevili tak\u00e9 a pokud ne a tou\u017e\u00edte po n\u011bm, tak jej m\u00e1me v n\u011bkolika veliksotech. Skl\u00e1d\u00e1 se ze 4 d\u00edl\u016f (je rozkl\u00e1dac\u00ed) a dvou \u0161roub\u016f pro uchycen\u00ed strome\u010dku.<\/p>\n<p>Stav: patina s rz\u00ed<br \/>\nRozm\u011br<br \/>\nV\u00fd\u0161ka: 19 cm<br \/>\nPr\u016fm\u011br otvoru: 2 cm<\/p>\n","protected":false},"excerpt":{"rendered":"<p>Staro\u017eitn\u00fd litinov\u00fd stojan na v\u00e1no\u010dn\u00ed strome\u010dek byl p\u0159ed v\u00e1lkou snad v ka\u017ed\u00e9 dom\u00e1cnosti. Mo\u017en\u00e1 jste ho na p\u016fd\u011b u bybi\u010dky<\/p>\n","protected":false},"featured_media":7311,"template":"","meta":[],"product_brand":[153],"product_cat":[91],"product_tag":[],"class_list":{"0":"post-7466","1":"product","2":"type-product","3":"status-publish","4":"has-post-thumbnail","6":"product_brand-eterle-cz","7":"product_cat-prodane","9":"first","10":"outofstock","11":"purchasable","12":"product-type-simple"},"_links":{"self":[{"href":"https:\/\/eterle.cz\/eshop\/wp-json\/wp\/v2\/product\/7466","targetHints":{"allow":["GET"]}}],"collection":[{"href":"https:\/\/eterle.cz\/eshop\/wp-json\/wp\/v2\/product"}],"about":[{"href":"https:\/\/eterle.cz\/eshop\/wp-json\/wp\/v2\/types\/product"}],"version-history":[{"count":0,"href":"https:\/\/eterle.cz\/eshop\/wp-json\/wp\/v2\/product\/7466\/revisions"}],"wp:featuredmedia":[{"embeddable":true,"href":"https:\/\/eterle.cz\/eshop\/wp-json\/wp\/v2\/media\/7311"}],"wp:attachment":[{"href":"https:\/\/eterle.cz\/eshop\/wp-json\/wp\/v2\/media?parent=7466"}],"wp:term":[{"taxonomy":"product_brand","embeddable":true,"href":"https:\/\/eterle.cz\/eshop\/wp-json\/wp\/v2\/product_brand?post=7466"},{"taxonomy":"product_cat","embeddable":true,"href":"https:\/\/eterle.cz\/eshop\/wp-json\/wp\/v2\/product_cat?post=7466"},{"taxonomy":"product_tag","embeddable":true,"href":"https:\/\/eterle.cz\/eshop\/wp-json\/wp\/v2\/product_tag?post=7466"}],"curies":[{"name":"wp","href":"https:\/\/api.w.org\/{rel}","templated":true}]}}