{"id":7467,"date":"2021-10-20T22:36:32","date_gmt":"2021-10-20T20:36:32","guid":{"rendered":"https:\/\/eterle.cz\/eshop\/produkt\/socialisticky-stojan-na-stromecek\/"},"modified":"2025-02-16T03:04:47","modified_gmt":"2025-02-16T02:04:47","slug":"socialisticky-stojan-na-stromecek","status":"publish","type":"product","link":"https:\/\/eterle.cz\/eshop\/produkt\/socialisticky-stojan-na-stromecek\/","title":{"rendered":"Socialistick\u00fd stojan na strome\u010dek"},"content":{"rendered":"<p>Socialistick\u00fd stojan na v\u00e1no\u010dn\u00ed stromek. Jedn\u00e1 se sice o ikonu komunistick\u00fdch V\u00e1noc, ale nyn\u00ed u\u017e je to jen mil\u00e1 vzpom\u00ednka na pro\u017eit\u00e9 V\u00e1noce s na\u0161imi bl\u00edzk\u00fdmi.<\/p>\n<p>Stav: dobr\u00fd, praskl\u00fd upev\u0148ovac\u00ed kol\u00ed\u010dek, ale nem\u00e1 vliv na funkci<br \/>\nRozm\u011br<br \/>\nV\u00fd\u0161ka: 20 cm<br \/>\nPr\u016fm\u011br otvoru: 3 cm<\/p>\n","protected":false},"excerpt":{"rendered":"<p>Socialistick\u00fd stojan na v\u00e1no\u010dn\u00ed stromek. Jedn\u00e1 se sice o ikonu komunistick\u00fdch V\u00e1noc, ale nyn\u00ed u\u017e je to jen mil\u00e1 vzpom\u00ednka<\/p>\n","protected":false},"featured_media":7315,"template":"","meta":[],"product_brand":[153],"product_cat":[91],"product_tag":[],"class_list":{"0":"post-7467","1":"product","2":"type-product","3":"status-publish","4":"has-post-thumbnail","6":"product_brand-eterle-cz","7":"product_cat-prodane","9":"first","10":"outofstock","11":"purchasable","12":"product-type-simple"},"_links":{"self":[{"href":"https:\/\/eterle.cz\/eshop\/wp-json\/wp\/v2\/product\/7467","targetHints":{"allow":["GET"]}}],"collection":[{"href":"https:\/\/eterle.cz\/eshop\/wp-json\/wp\/v2\/product"}],"about":[{"href":"https:\/\/eterle.cz\/eshop\/wp-json\/wp\/v2\/types\/product"}],"version-history":[{"count":0,"href":"https:\/\/eterle.cz\/eshop\/wp-json\/wp\/v2\/product\/7467\/revisions"}],"wp:featuredmedia":[{"embeddable":true,"href":"https:\/\/eterle.cz\/eshop\/wp-json\/wp\/v2\/media\/7315"}],"wp:attachment":[{"href":"https:\/\/eterle.cz\/eshop\/wp-json\/wp\/v2\/media?parent=7467"}],"wp:term":[{"taxonomy":"product_brand","embeddable":true,"href":"https:\/\/eterle.cz\/eshop\/wp-json\/wp\/v2\/product_brand?post=7467"},{"taxonomy":"product_cat","embeddable":true,"href":"https:\/\/eterle.cz\/eshop\/wp-json\/wp\/v2\/product_cat?post=7467"},{"taxonomy":"product_tag","embeddable":true,"href":"https:\/\/eterle.cz\/eshop\/wp-json\/wp\/v2\/product_tag?post=7467"}],"curies":[{"name":"wp","href":"https:\/\/api.w.org\/{rel}","templated":true}]}}