{"id":7468,"date":"2021-10-20T22:36:34","date_gmt":"2021-10-20T20:36:34","guid":{"rendered":"https:\/\/eterle.cz\/eshop\/produkt\/retro-zrcadlo\/"},"modified":"2025-02-16T03:04:46","modified_gmt":"2025-02-16T02:04:46","slug":"retro-zrcadlo","status":"publish","type":"product","link":"https:\/\/eterle.cz\/eshop\/produkt\/retro-zrcadlo\/","title":{"rendered":"Retro zrcadlo"},"content":{"rendered":"<p>Oran\u017eov\u00e9 retro zrcadlo z 60. let jak d\u011blan\u00e9 do hipstersk\u00e9 kav\u00e1rny nebo bytu.<\/p>\n<p>Stav: na jednom m\u00edst\u011b na okraji lehce zdeformov\u00e1n, asi od \u017e\u00e1rovky<br \/>\nPr\u016fm\u011br: 50 cm<br \/>\nPr\u016fm\u011br i s paci\u010dkama: 57 cm<\/p>\n","protected":false},"excerpt":{"rendered":"<p>Oran\u017eov\u00e9 retro zrcadlo z 60. let jak d\u011blan\u00e9 do hipstersk\u00e9 kav\u00e1rny nebo bytu. Stav: na jednom m\u00edst\u011b na okraji lehce<\/p>\n","protected":false},"featured_media":7320,"template":"","meta":[],"product_brand":[153],"product_cat":[91],"product_tag":[],"class_list":{"0":"post-7468","1":"product","2":"type-product","3":"status-publish","4":"has-post-thumbnail","6":"product_brand-eterle-cz","7":"product_cat-prodane","8":"product_shipping_class-nadrozmerne","10":"first","11":"outofstock","12":"purchasable","13":"product-type-simple"},"_links":{"self":[{"href":"https:\/\/eterle.cz\/eshop\/wp-json\/wp\/v2\/product\/7468","targetHints":{"allow":["GET"]}}],"collection":[{"href":"https:\/\/eterle.cz\/eshop\/wp-json\/wp\/v2\/product"}],"about":[{"href":"https:\/\/eterle.cz\/eshop\/wp-json\/wp\/v2\/types\/product"}],"version-history":[{"count":0,"href":"https:\/\/eterle.cz\/eshop\/wp-json\/wp\/v2\/product\/7468\/revisions"}],"wp:featuredmedia":[{"embeddable":true,"href":"https:\/\/eterle.cz\/eshop\/wp-json\/wp\/v2\/media\/7320"}],"wp:attachment":[{"href":"https:\/\/eterle.cz\/eshop\/wp-json\/wp\/v2\/media?parent=7468"}],"wp:term":[{"taxonomy":"product_brand","embeddable":true,"href":"https:\/\/eterle.cz\/eshop\/wp-json\/wp\/v2\/product_brand?post=7468"},{"taxonomy":"product_cat","embeddable":true,"href":"https:\/\/eterle.cz\/eshop\/wp-json\/wp\/v2\/product_cat?post=7468"},{"taxonomy":"product_tag","embeddable":true,"href":"https:\/\/eterle.cz\/eshop\/wp-json\/wp\/v2\/product_tag?post=7468"}],"curies":[{"name":"wp","href":"https:\/\/api.w.org\/{rel}","templated":true}]}}