{"id":7470,"date":"2021-10-20T22:36:37","date_gmt":"2021-10-20T20:36:37","guid":{"rendered":"https:\/\/eterle.cz\/eshop\/produkt\/bedna-na-periny\/"},"modified":"2025-02-16T03:04:46","modified_gmt":"2025-02-16T02:04:46","slug":"bedna-na-periny","status":"publish","type":"product","link":"https:\/\/eterle.cz\/eshop\/produkt\/bedna-na-periny\/","title":{"rendered":"Bedna na pe\u0159iny"},"content":{"rendered":"<p>Bedna na pe\u0159iny. Pohledov\u00e1 je z obou stran, tak\u017ee se bude hodit i do prostoru. Z jedn\u00e9 strany je v p\u0159\u00edrodn\u00ed hn\u011bd\u00e9 a z druh\u00e9 strany je s modr\u00fdmi pruhy. Dob\u0159e bude vypadat i zezadu seda\u010dky, kde poslou\u017e\u00ed jako del\u0161\u00ed odkl\u00e1dac\u00ed stolek t\u0159eba na sklenku v\u00edna, kdy\u017e do n\u00ed ve\u010der ulo\u017e\u00edte hra\u010dky a ob\u00fdv\u00e1k se stane op\u011bt ob\u00fdv\u00e1kem.<\/p>\n<p>Stav: a\u017e na horn\u00ed desku ve velmi dobr\u00e9m p\u016fvodn\u00edm stavu. Horn\u00ed deska si \u017e\u00e1d\u00e1 renovaci.<br \/>\nRozm\u011br<br \/>\nV\u00fd\u0161ka: 77 cm<br \/>\nD\u00e9lka: 160 cm<br \/>\nHloubka: 42 cm<\/p>\n","protected":false},"excerpt":{"rendered":"<p>Bedna na pe\u0159iny. Pohledov\u00e1 je z obou stran, tak\u017ee se bude hodit i do prostoru. Z jedn\u00e9 strany je v<\/p>\n","protected":false},"featured_media":7330,"template":"","meta":[],"product_brand":[153],"product_cat":[91],"product_tag":[],"class_list":{"0":"post-7470","1":"product","2":"type-product","3":"status-publish","4":"has-post-thumbnail","6":"product_brand-eterle-cz","7":"product_cat-prodane","8":"product_shipping_class-nadrozmerne","10":"first","11":"outofstock","12":"purchasable","13":"product-type-simple"},"_links":{"self":[{"href":"https:\/\/eterle.cz\/eshop\/wp-json\/wp\/v2\/product\/7470","targetHints":{"allow":["GET"]}}],"collection":[{"href":"https:\/\/eterle.cz\/eshop\/wp-json\/wp\/v2\/product"}],"about":[{"href":"https:\/\/eterle.cz\/eshop\/wp-json\/wp\/v2\/types\/product"}],"version-history":[{"count":0,"href":"https:\/\/eterle.cz\/eshop\/wp-json\/wp\/v2\/product\/7470\/revisions"}],"wp:featuredmedia":[{"embeddable":true,"href":"https:\/\/eterle.cz\/eshop\/wp-json\/wp\/v2\/media\/7330"}],"wp:attachment":[{"href":"https:\/\/eterle.cz\/eshop\/wp-json\/wp\/v2\/media?parent=7470"}],"wp:term":[{"taxonomy":"product_brand","embeddable":true,"href":"https:\/\/eterle.cz\/eshop\/wp-json\/wp\/v2\/product_brand?post=7470"},{"taxonomy":"product_cat","embeddable":true,"href":"https:\/\/eterle.cz\/eshop\/wp-json\/wp\/v2\/product_cat?post=7470"},{"taxonomy":"product_tag","embeddable":true,"href":"https:\/\/eterle.cz\/eshop\/wp-json\/wp\/v2\/product_tag?post=7470"}],"curies":[{"name":"wp","href":"https:\/\/api.w.org\/{rel}","templated":true}]}}