{"id":7473,"date":"2021-10-20T22:36:42","date_gmt":"2021-10-20T20:36:42","guid":{"rendered":"https:\/\/eterle.cz\/eshop\/produkt\/tocici-stolicka-zelena\/"},"modified":"2025-02-16T03:04:45","modified_gmt":"2025-02-16T02:04:45","slug":"tocici-stolicka-zelena","status":"publish","type":"product","link":"https:\/\/eterle.cz\/eshop\/produkt\/tocici-stolicka-zelena\/","title":{"rendered":"To\u010dic\u00ed stoli\u010dka zelen\u00e1"},"content":{"rendered":"<p>Pi\u00e1nov\u00e1 stoli\u010dka z masivn\u00edho d\u0159eva m\u00e1 nastavitelnou v\u00fd\u0161ku d\u00edky \u0161roubovici. Jedn\u00e1 se o \u010deskou v\u00fdrobu a je bez polstrov\u00e1n\u00ed. Nem\u00e1te-li doma m\u00edsto na koloto\u010d, stoli\u010dka se jist\u011b vejde a d\u011bti se na ni zabav\u00ed skoro stejn\u011b dob\u0159e.<\/p>\n<p>Stav: funk\u010dn\u00ed ot\u00e1\u010dec\u00ed \u0161roub. P\u016fvodn\u00ed stav s patinou &#8211; lak se loupe.<br \/>\nRozm\u011br<br \/>\nV\u00fd\u0161ka: 66 cm (max), 46 cm (min)<br \/>\nPr\u016fm\u011br sed\u00e1ku: 36 cm<\/p>\n","protected":false},"excerpt":{"rendered":"<p>Pi\u00e1nov\u00e1 stoli\u010dka z masivn\u00edho d\u0159eva m\u00e1 nastavitelnou v\u00fd\u0161ku d\u00edky \u0161roubovici. Jedn\u00e1 se o \u010deskou v\u00fdrobu a je bez polstrov\u00e1n\u00ed. Nem\u00e1te-li<\/p>\n","protected":false},"featured_media":7348,"template":"","meta":[],"product_brand":[153],"product_cat":[91],"product_tag":[],"class_list":{"0":"post-7473","1":"product","2":"type-product","3":"status-publish","4":"has-post-thumbnail","6":"product_brand-eterle-cz","7":"product_cat-prodane","8":"product_shipping_class-nadrozmerne","10":"first","11":"outofstock","12":"purchasable","13":"product-type-simple"},"_links":{"self":[{"href":"https:\/\/eterle.cz\/eshop\/wp-json\/wp\/v2\/product\/7473","targetHints":{"allow":["GET"]}}],"collection":[{"href":"https:\/\/eterle.cz\/eshop\/wp-json\/wp\/v2\/product"}],"about":[{"href":"https:\/\/eterle.cz\/eshop\/wp-json\/wp\/v2\/types\/product"}],"version-history":[{"count":0,"href":"https:\/\/eterle.cz\/eshop\/wp-json\/wp\/v2\/product\/7473\/revisions"}],"wp:featuredmedia":[{"embeddable":true,"href":"https:\/\/eterle.cz\/eshop\/wp-json\/wp\/v2\/media\/7348"}],"wp:attachment":[{"href":"https:\/\/eterle.cz\/eshop\/wp-json\/wp\/v2\/media?parent=7473"}],"wp:term":[{"taxonomy":"product_brand","embeddable":true,"href":"https:\/\/eterle.cz\/eshop\/wp-json\/wp\/v2\/product_brand?post=7473"},{"taxonomy":"product_cat","embeddable":true,"href":"https:\/\/eterle.cz\/eshop\/wp-json\/wp\/v2\/product_cat?post=7473"},{"taxonomy":"product_tag","embeddable":true,"href":"https:\/\/eterle.cz\/eshop\/wp-json\/wp\/v2\/product_tag?post=7473"}],"curies":[{"name":"wp","href":"https:\/\/api.w.org\/{rel}","templated":true}]}}