{"id":7474,"date":"2021-10-20T22:36:44","date_gmt":"2021-10-20T20:36:44","guid":{"rendered":"https:\/\/eterle.cz\/eshop\/produkt\/kreslo-typ-gerstl\/"},"modified":"2025-02-16T03:04:44","modified_gmt":"2025-02-16T02:04:44","slug":"kreslo-typ-gerstl","status":"publish","type":"product","link":"https:\/\/eterle.cz\/eshop\/produkt\/kreslo-typ-gerstl\/","title":{"rendered":"K\u0159eslo \/ typ Gerstl"},"content":{"rendered":"<p>Staro\u017eitn\u00e9 k\u0159eslo typu Gerstl s ratanov\u00fdm p\u0159\u00edrodn\u00edm v\u00fdpletem, kter\u00fd je nej\u010dasteji vid\u011bt u staro\u017eitn\u00fdch \u017eidl\u00ed Thonet. Gerstlova rodina se v\u011bnovala v\u00fdrob\u011b n\u00e1bytku ji\u017e od 18. stolet\u00ed. Tov\u00e1rna se t\u011b\u0161ila velk\u00e9mu \u00fasp\u011bchu a nechal si zde vyr\u00e1b\u011bt n\u00e1bytek i Adolf Loos pro M\u00fcllerovu vilu.<\/p>\n<p>Stav: kr\u00e1sn\u00e9m p\u016fvodn\u00edm stavu. V\u00fdplet v po\u0159\u00e1dku, d\u0159evo lehk\u00e1 patina. \u010caloun\u011bn\u00ed v po\u0159\u00e1dku.<br \/>\nRozm\u011br<br \/>\nV\u00fd\u0161ka: 74 cm<br \/>\nV\u00fd\u0161ka sed\u00e1ku: 43 cm<br \/>\n\u0160\u00ed\u0159ka: 73 cm<br \/>\n\u0160\u00ed\u0159ka sed\u00e1ku: 57 cm<br \/>\nHloubka: 64 cm<br \/>\nHloubka sed\u00e1ku: 55 cm<\/p>\n","protected":false},"excerpt":{"rendered":"<p>Staro\u017eitn\u00e9 k\u0159eslo typu Gerstl s ratanov\u00fdm p\u0159\u00edrodn\u00edm v\u00fdpletem, kter\u00fd je nej\u010dasteji vid\u011bt u staro\u017eitn\u00fdch \u017eidl\u00ed Thonet. Gerstlova rodina se v\u011bnovala<\/p>\n","protected":false},"featured_media":7354,"template":"","meta":[],"product_brand":[153],"product_cat":[91],"product_tag":[],"class_list":{"0":"post-7474","1":"product","2":"type-product","3":"status-publish","4":"has-post-thumbnail","6":"product_brand-eterle-cz","7":"product_cat-prodane","8":"product_shipping_class-nadrozmerne","10":"first","11":"outofstock","12":"purchasable","13":"product-type-simple"},"_links":{"self":[{"href":"https:\/\/eterle.cz\/eshop\/wp-json\/wp\/v2\/product\/7474","targetHints":{"allow":["GET"]}}],"collection":[{"href":"https:\/\/eterle.cz\/eshop\/wp-json\/wp\/v2\/product"}],"about":[{"href":"https:\/\/eterle.cz\/eshop\/wp-json\/wp\/v2\/types\/product"}],"version-history":[{"count":0,"href":"https:\/\/eterle.cz\/eshop\/wp-json\/wp\/v2\/product\/7474\/revisions"}],"wp:featuredmedia":[{"embeddable":true,"href":"https:\/\/eterle.cz\/eshop\/wp-json\/wp\/v2\/media\/7354"}],"wp:attachment":[{"href":"https:\/\/eterle.cz\/eshop\/wp-json\/wp\/v2\/media?parent=7474"}],"wp:term":[{"taxonomy":"product_brand","embeddable":true,"href":"https:\/\/eterle.cz\/eshop\/wp-json\/wp\/v2\/product_brand?post=7474"},{"taxonomy":"product_cat","embeddable":true,"href":"https:\/\/eterle.cz\/eshop\/wp-json\/wp\/v2\/product_cat?post=7474"},{"taxonomy":"product_tag","embeddable":true,"href":"https:\/\/eterle.cz\/eshop\/wp-json\/wp\/v2\/product_tag?post=7474"}],"curies":[{"name":"wp","href":"https:\/\/api.w.org\/{rel}","templated":true}]}}