{"id":7478,"date":"2021-10-20T22:36:52","date_gmt":"2021-10-20T20:36:52","guid":{"rendered":"https:\/\/eterle.cz\/eshop\/produkt\/zavesny-nocni-stolek\/"},"modified":"2025-02-16T03:04:43","modified_gmt":"2025-02-16T02:04:43","slug":"zavesny-nocni-stolek","status":"publish","type":"product","link":"https:\/\/eterle.cz\/eshop\/produkt\/zavesny-nocni-stolek\/","title":{"rendered":"Z\u00e1v\u011bsn\u00fd no\u010dn\u00ed stolek"},"content":{"rendered":"<p>Kr\u00e1sn\u00fd z\u00e1v\u011bsn\u00fd no\u010dn\u00ed stolek s \u010dern\u00fdm opaxitov\u00fdm sklem pat\u0159\u00ed k na\u0161im obl\u00edben\u00fdm. Neda\u0159\u00ed se n\u00e1m k n\u011bmu dohledat p\u016fvod, ale i tak si na\u0161e srdce z\u00edskal. Je velmi elegantn\u00ed a d\u00e1 se zav\u011bsit do libovoln\u00e9 v\u00fd\u0161ky. My jsme um\u00edstili na st\u011bnu dva v rozd\u00edln\u00e9 \u00farovni a p\u016fsob\u00ed tak t\u00e9m\u011b\u0159 jak um\u011bleck\u00fd objekt.<\/p>\n<p>Stav: kr\u00e1sn\u00fd p\u016fvodn\u00ed stav<br \/>\nRozm\u011br<br \/>\nV\u00fd\u0161ka: 70 cm<br \/>\n\u0160\u00ed\u0159ka: 51 cm<br \/>\nHloubka: 37 cm<\/p>\n","protected":false},"excerpt":{"rendered":"<p>Kr\u00e1sn\u00fd z\u00e1v\u011bsn\u00fd no\u010dn\u00ed stolek s \u010dern\u00fdm opaxitov\u00fdm sklem pat\u0159\u00ed k na\u0161im obl\u00edben\u00fdm. Neda\u0159\u00ed se n\u00e1m k n\u011bmu dohledat p\u016fvod, ale<\/p>\n","protected":false},"featured_media":7381,"template":"","meta":[],"product_brand":[153],"product_cat":[91],"product_tag":[],"class_list":{"0":"post-7478","1":"product","2":"type-product","3":"status-publish","4":"has-post-thumbnail","6":"product_brand-eterle-cz","7":"product_cat-prodane","8":"product_shipping_class-nadrozmerne","10":"first","11":"outofstock","12":"purchasable","13":"product-type-simple"},"_links":{"self":[{"href":"https:\/\/eterle.cz\/eshop\/wp-json\/wp\/v2\/product\/7478","targetHints":{"allow":["GET"]}}],"collection":[{"href":"https:\/\/eterle.cz\/eshop\/wp-json\/wp\/v2\/product"}],"about":[{"href":"https:\/\/eterle.cz\/eshop\/wp-json\/wp\/v2\/types\/product"}],"version-history":[{"count":1,"href":"https:\/\/eterle.cz\/eshop\/wp-json\/wp\/v2\/product\/7478\/revisions"}],"predecessor-version":[{"id":13765,"href":"https:\/\/eterle.cz\/eshop\/wp-json\/wp\/v2\/product\/7478\/revisions\/13765"}],"wp:featuredmedia":[{"embeddable":true,"href":"https:\/\/eterle.cz\/eshop\/wp-json\/wp\/v2\/media\/7381"}],"wp:attachment":[{"href":"https:\/\/eterle.cz\/eshop\/wp-json\/wp\/v2\/media?parent=7478"}],"wp:term":[{"taxonomy":"product_brand","embeddable":true,"href":"https:\/\/eterle.cz\/eshop\/wp-json\/wp\/v2\/product_brand?post=7478"},{"taxonomy":"product_cat","embeddable":true,"href":"https:\/\/eterle.cz\/eshop\/wp-json\/wp\/v2\/product_cat?post=7478"},{"taxonomy":"product_tag","embeddable":true,"href":"https:\/\/eterle.cz\/eshop\/wp-json\/wp\/v2\/product_tag?post=7478"}],"curies":[{"name":"wp","href":"https:\/\/api.w.org\/{rel}","templated":true}]}}