{"id":7479,"date":"2021-10-20T22:36:53","date_gmt":"2021-10-20T20:36:53","guid":{"rendered":"https:\/\/eterle.cz\/eshop\/produkt\/nocni-stolek-s-opaxitovym-sklem-2\/"},"modified":"2025-02-16T03:04:43","modified_gmt":"2025-02-16T02:04:43","slug":"nocni-stolek-s-opaxitovym-sklem-2","status":"publish","type":"product","link":"https:\/\/eterle.cz\/eshop\/produkt\/nocni-stolek-s-opaxitovym-sklem-2\/","title":{"rendered":"No\u010dn\u00ed stolek s opaxitov\u00fdm sklem"},"content":{"rendered":"<p>Minimalistick\u00fd no\u010dn\u00ed stolek s \u010dern\u00fdm opaxitov\u00fdm sklem m\u00e1 kr\u00e1sn\u00fd zvln\u011bn\u00fd tvar. Nemus\u00ed nutn\u011b slou\u017eit jen jako stolek u postele. Vyu\u017e\u00edt se d\u00e1 dob\u0159e i v chodb\u011b t\u0159eba na kabelku nebo na drobn\u00e9. Ostudu neud\u011bl\u00e1 ani v ob\u00fdv\u00e1ku jako podstavec na kv\u011btiny. K dispozici je jeden stolek s otv\u00edr\u00e1n\u00edm vpravo a jeden s otv\u00edr\u00e1n\u00edm vlevo.<\/p>\n<p>Stav: zachoval\u00fd p\u016fvodn\u00ed stav. Na jednom m\u00edst\u011b nepat\u00fd o\u0165uk skla. Lak m\u00edrn\u011b po\u0161kozen viz foto.<br \/>\nRozm\u011br<br \/>\nV\u00fd\u0161ka: 56 cm<br \/>\nHloubka: 36 cm<br \/>\n\u0160\u00ed\u0159ka: 45,5 cm<\/p>\n","protected":false},"excerpt":{"rendered":"<p>Minimalistick\u00fd no\u010dn\u00ed stolek s \u010dern\u00fdm opaxitov\u00fdm sklem m\u00e1 kr\u00e1sn\u00fd zvln\u011bn\u00fd tvar. Nemus\u00ed nutn\u011b slou\u017eit jen jako stolek u postele. Vyu\u017e\u00edt<\/p>\n","protected":false},"featured_media":7415,"template":"","meta":[],"product_brand":[153],"product_cat":[91],"product_tag":[],"class_list":{"0":"post-7479","1":"product","2":"type-product","3":"status-publish","4":"has-post-thumbnail","6":"product_brand-eterle-cz","7":"product_cat-prodane","8":"product_shipping_class-nadrozmerne","10":"first","11":"outofstock","12":"purchasable","13":"product-type-simple"},"_links":{"self":[{"href":"https:\/\/eterle.cz\/eshop\/wp-json\/wp\/v2\/product\/7479","targetHints":{"allow":["GET"]}}],"collection":[{"href":"https:\/\/eterle.cz\/eshop\/wp-json\/wp\/v2\/product"}],"about":[{"href":"https:\/\/eterle.cz\/eshop\/wp-json\/wp\/v2\/types\/product"}],"version-history":[{"count":0,"href":"https:\/\/eterle.cz\/eshop\/wp-json\/wp\/v2\/product\/7479\/revisions"}],"wp:featuredmedia":[{"embeddable":true,"href":"https:\/\/eterle.cz\/eshop\/wp-json\/wp\/v2\/media\/7415"}],"wp:attachment":[{"href":"https:\/\/eterle.cz\/eshop\/wp-json\/wp\/v2\/media?parent=7479"}],"wp:term":[{"taxonomy":"product_brand","embeddable":true,"href":"https:\/\/eterle.cz\/eshop\/wp-json\/wp\/v2\/product_brand?post=7479"},{"taxonomy":"product_cat","embeddable":true,"href":"https:\/\/eterle.cz\/eshop\/wp-json\/wp\/v2\/product_cat?post=7479"},{"taxonomy":"product_tag","embeddable":true,"href":"https:\/\/eterle.cz\/eshop\/wp-json\/wp\/v2\/product_tag?post=7479"}],"curies":[{"name":"wp","href":"https:\/\/api.w.org\/{rel}","templated":true}]}}