{"id":7480,"date":"2021-10-20T22:36:56","date_gmt":"2021-10-20T20:36:56","guid":{"rendered":"https:\/\/eterle.cz\/eshop\/produkt\/jidelni-zidle-4-kusy-2\/"},"modified":"2026-02-18T21:32:39","modified_gmt":"2026-02-18T20:32:39","slug":"jidelni-zidle-4-kusy-2","status":"publish","type":"product","link":"https:\/\/eterle.cz\/eshop\/produkt\/jidelni-zidle-4-kusy-2\/","title":{"rendered":"J\u00eddeln\u00ed \u017eidle &#8211; 4 kusy"},"content":{"rendered":"<p>Elegantn\u00ed a minimalistick\u00e1 j\u00eddeln\u00ed \u017eidle p\u0159ipom\u00edn\u00e1 styl seversk\u00e9ho n\u00e1bytku. Kr\u00e1sn\u00e9 d\u0159evo v medov\u00e9 barv\u011b jsme doplnili o tmav\u011bmodrou l\u00e1tku. \u017didle m\u00e1 velmi pevnou konstrukci a kr\u00e1sn\u00e9 proveden\u00ed.<\/p>\n<p>Stav: p\u016fvodn\u00ed velmi zachoval\u00fd, nov\u00e1 l\u00e1tka<br \/>\nRozm\u011br<br \/>\nV\u00fd\u0161ka: 81 cm<br \/>\nV\u00fd\u0161ka sed\u00e1ku: 43 cm<br \/>\n\u0160\u00ed\u0159a sed\u00e1ku: 44 cm<br \/>\nHloubka sed\u00e1ku: 43 cm<\/p>\n","protected":false},"excerpt":{"rendered":"<p>Elegantn\u00ed a minimalistick\u00e1 j\u00eddeln\u00ed \u017eidle p\u0159ipom\u00edn\u00e1 styl seversk\u00e9ho n\u00e1bytku. Kr\u00e1sn\u00e9 d\u0159evo v medov\u00e9 barv\u011b jsme doplnili o tmav\u011bmodrou l\u00e1tku. \u017didle<\/p>\n","protected":false},"featured_media":7427,"template":"","meta":[],"product_brand":[153],"product_cat":[91],"product_tag":[],"class_list":{"0":"post-7480","1":"product","2":"type-product","3":"status-publish","4":"has-post-thumbnail","6":"product_brand-eterle-cz","7":"product_cat-prodane","8":"product_shipping_class-nadrozmerne","10":"first","11":"outofstock","12":"purchasable","13":"product-type-simple"},"_links":{"self":[{"href":"https:\/\/eterle.cz\/eshop\/wp-json\/wp\/v2\/product\/7480","targetHints":{"allow":["GET"]}}],"collection":[{"href":"https:\/\/eterle.cz\/eshop\/wp-json\/wp\/v2\/product"}],"about":[{"href":"https:\/\/eterle.cz\/eshop\/wp-json\/wp\/v2\/types\/product"}],"version-history":[{"count":5,"href":"https:\/\/eterle.cz\/eshop\/wp-json\/wp\/v2\/product\/7480\/revisions"}],"predecessor-version":[{"id":16301,"href":"https:\/\/eterle.cz\/eshop\/wp-json\/wp\/v2\/product\/7480\/revisions\/16301"}],"wp:featuredmedia":[{"embeddable":true,"href":"https:\/\/eterle.cz\/eshop\/wp-json\/wp\/v2\/media\/7427"}],"wp:attachment":[{"href":"https:\/\/eterle.cz\/eshop\/wp-json\/wp\/v2\/media?parent=7480"}],"wp:term":[{"taxonomy":"product_brand","embeddable":true,"href":"https:\/\/eterle.cz\/eshop\/wp-json\/wp\/v2\/product_brand?post=7480"},{"taxonomy":"product_cat","embeddable":true,"href":"https:\/\/eterle.cz\/eshop\/wp-json\/wp\/v2\/product_cat?post=7480"},{"taxonomy":"product_tag","embeddable":true,"href":"https:\/\/eterle.cz\/eshop\/wp-json\/wp\/v2\/product_tag?post=7480"}],"curies":[{"name":"wp","href":"https:\/\/api.w.org\/{rel}","templated":true}]}}