{"id":7481,"date":"2021-10-20T22:36:57","date_gmt":"2021-10-20T20:36:57","guid":{"rendered":"https:\/\/eterle.cz\/eshop\/produkt\/jidelni-zidle-4-kusy-3\/"},"modified":"2025-06-24T01:51:54","modified_gmt":"2025-06-23T23:51:54","slug":"jidelni-zidle-4-kusy-3","status":"publish","type":"product","link":"https:\/\/eterle.cz\/eshop\/produkt\/jidelni-zidle-4-kusy-3\/","title":{"rendered":"J\u00eddeln\u00ed \u017eidle  &#8211; 4 kusy"},"content":{"rendered":"<p>Elegantn\u00ed a minimalistick\u00e1 j\u00eddeln\u00ed \u017eidle p\u0159ipom\u00edn\u00e1 styl d\u00e1nsk\u00e9ho n\u00e1bytku. \u017didle p\u016fsob\u00ed i p\u0159es sv\u00e9 ostr\u00e9 hrany vzdu\u0161n\u011b. Tento styl se hod\u00ed jak do modern\u00edho, tak do interi\u00e9ru v retro stylu. Budou kr\u00e1sn\u011b vypadat nejn u d\u0159ev\u011bn\u00e9ho, ale i u sklen\u011bn\u00e9ho stolu.<\/p>\n<p>Stav: p\u016fvodn\u00ed s drobn\u00fdmi nedostatky v podob\u011b lehce od\u0161t\u00edpnut\u00e9 d\u00fdhy, nov\u00e1 l\u00e1tka.<br \/>\nRozm\u011br<br \/>\nV\u00fd\u0161ka: 78 cm<br \/>\nV\u00fd\u0161ka sed\u00e1ku: 42 cm<br \/>\n\u0160\u00ed\u0159a sed\u00e1ku:43 cm<br \/>\nHloubka sed\u00e1ku: 42 cm<\/p>\n","protected":false},"excerpt":{"rendered":"<p>Elegantn\u00ed a minimalistick\u00e1 j\u00eddeln\u00ed \u017eidle p\u0159ipom\u00edn\u00e1 styl d\u00e1nsk\u00e9ho n\u00e1bytku. \u017didle p\u016fsob\u00ed i p\u0159es sv\u00e9 ostr\u00e9 hrany vzdu\u0161n\u011b. Tento styl se<\/p>\n","protected":false},"featured_media":7435,"template":"","meta":[],"product_brand":[153],"product_cat":[130,121],"product_tag":[],"class_list":{"0":"post-7481","1":"product","2":"type-product","3":"status-publish","4":"has-post-thumbnail","6":"product_brand-eterle-cz","7":"product_cat-nabytek","8":"product_cat-zidle","9":"product_shipping_class-nadrozmerne","11":"first","12":"instock","13":"purchasable","14":"product-type-simple"},"_links":{"self":[{"href":"https:\/\/eterle.cz\/eshop\/wp-json\/wp\/v2\/product\/7481","targetHints":{"allow":["GET"]}}],"collection":[{"href":"https:\/\/eterle.cz\/eshop\/wp-json\/wp\/v2\/product"}],"about":[{"href":"https:\/\/eterle.cz\/eshop\/wp-json\/wp\/v2\/types\/product"}],"version-history":[{"count":1,"href":"https:\/\/eterle.cz\/eshop\/wp-json\/wp\/v2\/product\/7481\/revisions"}],"predecessor-version":[{"id":26120,"href":"https:\/\/eterle.cz\/eshop\/wp-json\/wp\/v2\/product\/7481\/revisions\/26120"}],"wp:featuredmedia":[{"embeddable":true,"href":"https:\/\/eterle.cz\/eshop\/wp-json\/wp\/v2\/media\/7435"}],"wp:attachment":[{"href":"https:\/\/eterle.cz\/eshop\/wp-json\/wp\/v2\/media?parent=7481"}],"wp:term":[{"taxonomy":"product_brand","embeddable":true,"href":"https:\/\/eterle.cz\/eshop\/wp-json\/wp\/v2\/product_brand?post=7481"},{"taxonomy":"product_cat","embeddable":true,"href":"https:\/\/eterle.cz\/eshop\/wp-json\/wp\/v2\/product_cat?post=7481"},{"taxonomy":"product_tag","embeddable":true,"href":"https:\/\/eterle.cz\/eshop\/wp-json\/wp\/v2\/product_tag?post=7481"}],"curies":[{"name":"wp","href":"https:\/\/api.w.org\/{rel}","templated":true}]}}