{"id":7483,"date":"2021-10-20T22:37:01","date_gmt":"2021-10-20T20:37:01","guid":{"rendered":"https:\/\/eterle.cz\/eshop\/produkt\/skrinka-se-zrcadlem\/"},"modified":"2025-02-16T03:04:41","modified_gmt":"2025-02-16T02:04:41","slug":"skrinka-se-zrcadlem","status":"publish","type":"product","link":"https:\/\/eterle.cz\/eshop\/produkt\/skrinka-se-zrcadlem\/","title":{"rendered":"Sk\u0159\u00ed\u0148ka se zrcadlem"},"content":{"rendered":"<p>Mal\u00e1 sk\u0159\u00ed\u0148ka s \u010dern\u00fdm opaxitov\u00fdm sklem se zrcadlem poch\u00e1z\u00ed z poloviny minul\u00e9ho stolet\u00ed. Bude ide\u00e1ln\u00ed t\u0159eba do chodby nebo p\u0159eds\u00edn\u011b. P\u0159ed odchodem se vzrcadle je\u0161t\u011b zkontrolujete a boty p\u0159ele\u0161t\u00edte kart\u00e1\u010dem, kter\u00fd m\u016f\u017eete m\u00edt ulo\u017een\u00fd uvnit\u0159 sk\u0159\u00ed\u0148ky. Sk\u0159\u00ed\u0148ka se otv\u00edr\u00e1 vlevo.<\/p>\n<p>Stav: zachoval\u00fd p\u016fvodn\u00ed stav. Opaxitov\u00e9 sklo na jednom m\u00edst\u011b nepatrn\u011b od\u0161t\u00edpnut\u00e9.<br \/>\nRozm\u011br:<br \/>\nV\u00fd\u0161ka celkov\u00e1: 166 cm<br \/>\nV\u00fd\u0161ka stolku: 45 cm<br \/>\n\u0160\u00ed\u0159ka: 54 cm<br \/>\nHloubka: 39 cm<\/p>\n","protected":false},"excerpt":{"rendered":"<p>Mal\u00e1 sk\u0159\u00ed\u0148ka s \u010dern\u00fdm opaxitov\u00fdm sklem se zrcadlem poch\u00e1z\u00ed z poloviny minul\u00e9ho stolet\u00ed. Bude ide\u00e1ln\u00ed t\u0159eba do chodby nebo p\u0159eds\u00edn\u011b.<\/p>\n","protected":false},"featured_media":7484,"template":"","meta":[],"product_brand":[153],"product_cat":[91],"product_tag":[],"class_list":{"0":"post-7483","1":"product","2":"type-product","3":"status-publish","4":"has-post-thumbnail","6":"product_brand-eterle-cz","7":"product_cat-prodane","8":"product_shipping_class-nadrozmerne","10":"first","11":"outofstock","12":"purchasable","13":"product-type-simple"},"_links":{"self":[{"href":"https:\/\/eterle.cz\/eshop\/wp-json\/wp\/v2\/product\/7483","targetHints":{"allow":["GET"]}}],"collection":[{"href":"https:\/\/eterle.cz\/eshop\/wp-json\/wp\/v2\/product"}],"about":[{"href":"https:\/\/eterle.cz\/eshop\/wp-json\/wp\/v2\/types\/product"}],"version-history":[{"count":0,"href":"https:\/\/eterle.cz\/eshop\/wp-json\/wp\/v2\/product\/7483\/revisions"}],"wp:featuredmedia":[{"embeddable":true,"href":"https:\/\/eterle.cz\/eshop\/wp-json\/wp\/v2\/media\/7484"}],"wp:attachment":[{"href":"https:\/\/eterle.cz\/eshop\/wp-json\/wp\/v2\/media?parent=7483"}],"wp:term":[{"taxonomy":"product_brand","embeddable":true,"href":"https:\/\/eterle.cz\/eshop\/wp-json\/wp\/v2\/product_brand?post=7483"},{"taxonomy":"product_cat","embeddable":true,"href":"https:\/\/eterle.cz\/eshop\/wp-json\/wp\/v2\/product_cat?post=7483"},{"taxonomy":"product_tag","embeddable":true,"href":"https:\/\/eterle.cz\/eshop\/wp-json\/wp\/v2\/product_tag?post=7483"}],"curies":[{"name":"wp","href":"https:\/\/api.w.org\/{rel}","templated":true}]}}