{"id":7500,"date":"2021-10-20T22:38:50","date_gmt":"2021-10-20T20:38:50","guid":{"rendered":"https:\/\/eterle.cz\/eshop\/produkt\/prosklena-skrin-interier-praha\/"},"modified":"2025-02-16T03:04:41","modified_gmt":"2025-02-16T02:04:41","slug":"prosklena-skrin-interier-praha","status":"publish","type":"product","link":"https:\/\/eterle.cz\/eshop\/produkt\/prosklena-skrin-interier-praha\/","title":{"rendered":"Prosklen\u00e1 sk\u0159\u00ed\u0148 \/ Interi\u00e9r Praha"},"content":{"rendered":"<p>Prosklen\u00e1 sk\u0159\u00ed\u0148 pravd\u011bpodobn\u011b z 60. let je ze dvou smostatn\u00fdch d\u00edl\u016f. \u0160ir\u0161\u00ed podstavec je z tmav\u00e9ho d\u0159eva, samotn\u00e1 policov\u00e1 sestava je sv\u011btlej\u0161\u00ed barvy. Jednoduch\u00fd r\u00e1z, ale zaj\u00edmav\u00e1 kombinace prosklen\u00e9 a voln\u00e9 \u010d\u00e1sti polic. Hod\u00ed se na knihy \u010di sb\u00edrku porcel\u00e1nu jak do modern\u00edho interi\u00e9ru, tak do bytu v retro stylu. <\/p>\n<p>Dal\u0161\u00ed n\u00e1bytek z t\u00e9to \u0159ady m\u00e1me rovn\u011b\u017e k dispozicic- sk\u0159\u00ed\u0148 se \u0161upl\u00edky a policemi, sk\u0159\u00ed\u0148, \u0161atn\u00ed sk\u0159\u00ed\u0148.<\/p>\n<p>Stav: zachoval\u00fd p\u016fvodn\u00ed stav, m\u00edsty drobn\u00e9 od\u011brky \u010di odloupnut\u00e1 d\u00fdha<br \/>\nZna\u010dka: Interi\u00e9r Praha<br \/>\nRozm\u011br<br \/>\nV\u00fd\u0161ka: 156 cm<br \/>\n\u0160\u00ed\u0159ka: 100 cm<br \/>\nHloubka: 40 cm<\/p>\n","protected":false},"excerpt":{"rendered":"<p>Prosklen\u00e1 sk\u0159\u00ed\u0148 pravd\u011bpodobn\u011b z 60. let je ze dvou smostatn\u00fdch d\u00edl\u016f. \u0160ir\u0161\u00ed podstavec je z tmav\u00e9ho d\u0159eva, samotn\u00e1 policov\u00e1 sestava<\/p>\n","protected":false},"featured_media":7501,"template":"","meta":[],"product_brand":[153],"product_cat":[91],"product_tag":[],"class_list":{"0":"post-7500","1":"product","2":"type-product","3":"status-publish","4":"has-post-thumbnail","6":"product_brand-eterle-cz","7":"product_cat-prodane","8":"product_shipping_class-nadrozmerne","10":"first","11":"outofstock","12":"purchasable","13":"product-type-simple"},"_links":{"self":[{"href":"https:\/\/eterle.cz\/eshop\/wp-json\/wp\/v2\/product\/7500","targetHints":{"allow":["GET"]}}],"collection":[{"href":"https:\/\/eterle.cz\/eshop\/wp-json\/wp\/v2\/product"}],"about":[{"href":"https:\/\/eterle.cz\/eshop\/wp-json\/wp\/v2\/types\/product"}],"version-history":[{"count":0,"href":"https:\/\/eterle.cz\/eshop\/wp-json\/wp\/v2\/product\/7500\/revisions"}],"wp:featuredmedia":[{"embeddable":true,"href":"https:\/\/eterle.cz\/eshop\/wp-json\/wp\/v2\/media\/7501"}],"wp:attachment":[{"href":"https:\/\/eterle.cz\/eshop\/wp-json\/wp\/v2\/media?parent=7500"}],"wp:term":[{"taxonomy":"product_brand","embeddable":true,"href":"https:\/\/eterle.cz\/eshop\/wp-json\/wp\/v2\/product_brand?post=7500"},{"taxonomy":"product_cat","embeddable":true,"href":"https:\/\/eterle.cz\/eshop\/wp-json\/wp\/v2\/product_cat?post=7500"},{"taxonomy":"product_tag","embeddable":true,"href":"https:\/\/eterle.cz\/eshop\/wp-json\/wp\/v2\/product_tag?post=7500"}],"curies":[{"name":"wp","href":"https:\/\/api.w.org\/{rel}","templated":true}]}}