{"id":7507,"date":"2021-10-20T22:39:39","date_gmt":"2021-10-20T20:39:39","guid":{"rendered":"https:\/\/eterle.cz\/eshop\/produkt\/skrin-se-supliky-a-policemi-interier-praha\/"},"modified":"2025-02-16T03:04:40","modified_gmt":"2025-02-16T02:04:40","slug":"skrin-se-supliky-a-policemi-interier-praha","status":"publish","type":"product","link":"https:\/\/eterle.cz\/eshop\/produkt\/skrin-se-supliky-a-policemi-interier-praha\/","title":{"rendered":"Sk\u0159\u00ed\u0148 se \u0161upl\u00edky a policemi  \/ Interi\u00e9r Praha"},"content":{"rendered":"<p>Sk\u0159\u00ed\u0148 pravd\u011bpodobn\u011b z 60. let je ze dvou smostatn\u00fdch d\u00edl\u016f. Spodn\u00ed d\u00edl se \u0161upl\u00edky je z tmav\u0161\u00edho d\u0159eva, vrchn\u00ed d\u00edl je sv\u011btlej\u0161\u00ed barvy. Hladk\u00e9 rovn\u00e9 dve\u0159e zdob\u00ed roztomil\u00e9 panty v podob\u011b mal\u00fdch chromov\u00fdch kuli\u010dek. Vnit\u0159ek sk\u0159\u00edn\u011b je prakticky d\u011blen na \u0161upl\u00edky a police, tak\u017ee sk\u00fdt\u00e1 velk\u00e9 vyu\u017eit\u00ed jako \u00falo\u017en\u00fd prostor. Schovat m\u016f\u017eete v\u0161e, co chcete skr\u00fdt p\u0159ed zraky n\u00e1v\u0161t\u011bv, a\u0165 u\u017e se bude jednat o spisy, oble\u010den\u00ed \u010di hra\u010dky.<\/p>\n<p>Dal\u0161\u00ed n\u00e1bytek z t\u00e9to \u0159ady m\u00e1me rovn\u011b\u017e k dispozicic &#8211; sk\u0159\u00ed\u0148, prosklen\u00e1 sk\u0159\u00ed\u0148, \u0161atn\u00ed sk\u0159\u00ed\u0148.<\/p>\n<p>Stav: zachoval\u00fd p\u016fvodn\u00ed stav, m\u00edsty drobn\u00e9 od\u011brky \u010di odloupnut\u00e1 d\u00fdha<br \/>\nZna\u010dka: Interi\u00e9r Praha<br \/>\nRozm\u011br<br \/>\nV\u00fd\u0161ka: 156 cm<br \/>\n\u0160\u00ed\u0159ka: 100 cm<br \/>\nHloubka: 45 cm<\/p>\n","protected":false},"excerpt":{"rendered":"<p>Sk\u0159\u00ed\u0148 pravd\u011bpodobn\u011b z 60. let je ze dvou smostatn\u00fdch d\u00edl\u016f. Spodn\u00ed d\u00edl se \u0161upl\u00edky je z tmav\u0161\u00edho d\u0159eva, vrchn\u00ed d\u00edl<\/p>\n","protected":false},"featured_media":7508,"template":"","meta":[],"product_brand":[153],"product_cat":[91],"product_tag":[],"class_list":{"0":"post-7507","1":"product","2":"type-product","3":"status-publish","4":"has-post-thumbnail","6":"product_brand-eterle-cz","7":"product_cat-prodane","8":"product_shipping_class-nadrozmerne","10":"first","11":"outofstock","12":"purchasable","13":"product-type-simple"},"_links":{"self":[{"href":"https:\/\/eterle.cz\/eshop\/wp-json\/wp\/v2\/product\/7507","targetHints":{"allow":["GET"]}}],"collection":[{"href":"https:\/\/eterle.cz\/eshop\/wp-json\/wp\/v2\/product"}],"about":[{"href":"https:\/\/eterle.cz\/eshop\/wp-json\/wp\/v2\/types\/product"}],"version-history":[{"count":0,"href":"https:\/\/eterle.cz\/eshop\/wp-json\/wp\/v2\/product\/7507\/revisions"}],"wp:featuredmedia":[{"embeddable":true,"href":"https:\/\/eterle.cz\/eshop\/wp-json\/wp\/v2\/media\/7508"}],"wp:attachment":[{"href":"https:\/\/eterle.cz\/eshop\/wp-json\/wp\/v2\/media?parent=7507"}],"wp:term":[{"taxonomy":"product_brand","embeddable":true,"href":"https:\/\/eterle.cz\/eshop\/wp-json\/wp\/v2\/product_brand?post=7507"},{"taxonomy":"product_cat","embeddable":true,"href":"https:\/\/eterle.cz\/eshop\/wp-json\/wp\/v2\/product_cat?post=7507"},{"taxonomy":"product_tag","embeddable":true,"href":"https:\/\/eterle.cz\/eshop\/wp-json\/wp\/v2\/product_tag?post=7507"}],"curies":[{"name":"wp","href":"https:\/\/api.w.org\/{rel}","templated":true}]}}