{"id":7520,"date":"2021-10-20T22:41:02","date_gmt":"2021-10-20T20:41:02","guid":{"rendered":"https:\/\/eterle.cz\/eshop\/produkt\/skrin-interier-praha\/"},"modified":"2025-06-24T01:51:53","modified_gmt":"2025-06-23T23:51:53","slug":"skrin-interier-praha","status":"publish","type":"product","link":"https:\/\/eterle.cz\/eshop\/produkt\/skrin-interier-praha\/","title":{"rendered":"Sk\u0159\u00ed\u0148 \/ Interi\u00e9r Praha"},"content":{"rendered":"<p>Sk\u0159\u00ed\u0148 pravd\u011bpodobn\u011b z 60. let je ze dvou samostatn\u00fdch d\u00edl\u016f. Sk\u0159\u00ed\u0148 je zaj\u00edmav\u00e1 sv\u00fdm barevn\u00fdm zpracov\u00e1n\u00edm. Spodn\u00ed d\u00edl je z tmav\u0161\u00edho d\u0159eva, zat\u00edmco vrchn\u00ed d\u00edl je sv\u011btlej\u0161\u00ed barvy. Hladk\u00e9 rovn\u00e9 dve\u0159e zdob\u00ed roztomil\u00e9 panty v podob\u011b mal\u00fdch chromov\u00fdch kuli\u010dek. Sk\u0159\u00ed\u0148 se d\u00e1 vyu\u017e\u00edt jak na uschov\u00e1n\u00ed v\u011bc\u00ed, kter\u00e9 nejsou hodny vystavov\u00e1n\u00ed, tak na kr\u00e1sn\u00e9 p\u0159edm\u011bty, kter\u00e9 chcete m\u00edt na o\u010d\u00edch.<\/p>\n<p>Sk\u0159\u00ed\u0148 byla sou\u010d\u00e1st\u00ed sestavy. Dal\u0161\u00ed n\u00e1bytek z t\u00e9to \u0159ady m\u00e1me rovn\u011b\u017e k dispozici &#8211; sk\u0159\u00ed\u0148 se \u0161upl\u00edky a policemi (ji\u017e prod\u00e1no), prosklen\u00e1 sk\u0159\u00ed\u0148 (ji\u017e prod\u00e1no), \u0161atn\u00ed sk\u0159\u00ed\u0148 (ji\u017e prod\u00e1no).<\/p>\n<p>Stav: zachoval\u00fd p\u016fvodn\u00ed stav, m\u00edsty drobn\u00e9 od\u011brky \u010di odloupnut\u00e1 d\u00fdha<br \/>\nZna\u010dka: Interi\u00e9r Praha<br \/>\nRozm\u011br<br \/>\nV\u00fd\u0161ka: 156 cm<br \/>\n\u0160\u00ed\u0159ka: 100 cm<br \/>\nHloubka: 45 cm<\/p>\n","protected":false},"excerpt":{"rendered":"<p>Sk\u0159\u00ed\u0148 pravd\u011bpodobn\u011b z 60. let je ze dvou samostatn\u00fdch d\u00edl\u016f. Sk\u0159\u00ed\u0148 je zaj\u00edmav\u00e1 sv\u00fdm barevn\u00fdm zpracov\u00e1n\u00edm. Spodn\u00ed d\u00edl je z<\/p>\n","protected":false},"featured_media":7521,"template":"","meta":[],"product_brand":[153],"product_cat":[130,125],"product_tag":[],"class_list":{"0":"post-7520","1":"product","2":"type-product","3":"status-publish","4":"has-post-thumbnail","6":"product_brand-eterle-cz","7":"product_cat-nabytek","8":"product_cat-komody-a-skrine","9":"product_shipping_class-nadrozmerne","11":"first","12":"instock","13":"purchasable","14":"product-type-simple"},"_links":{"self":[{"href":"https:\/\/eterle.cz\/eshop\/wp-json\/wp\/v2\/product\/7520","targetHints":{"allow":["GET"]}}],"collection":[{"href":"https:\/\/eterle.cz\/eshop\/wp-json\/wp\/v2\/product"}],"about":[{"href":"https:\/\/eterle.cz\/eshop\/wp-json\/wp\/v2\/types\/product"}],"version-history":[{"count":1,"href":"https:\/\/eterle.cz\/eshop\/wp-json\/wp\/v2\/product\/7520\/revisions"}],"predecessor-version":[{"id":26119,"href":"https:\/\/eterle.cz\/eshop\/wp-json\/wp\/v2\/product\/7520\/revisions\/26119"}],"wp:featuredmedia":[{"embeddable":true,"href":"https:\/\/eterle.cz\/eshop\/wp-json\/wp\/v2\/media\/7521"}],"wp:attachment":[{"href":"https:\/\/eterle.cz\/eshop\/wp-json\/wp\/v2\/media?parent=7520"}],"wp:term":[{"taxonomy":"product_brand","embeddable":true,"href":"https:\/\/eterle.cz\/eshop\/wp-json\/wp\/v2\/product_brand?post=7520"},{"taxonomy":"product_cat","embeddable":true,"href":"https:\/\/eterle.cz\/eshop\/wp-json\/wp\/v2\/product_cat?post=7520"},{"taxonomy":"product_tag","embeddable":true,"href":"https:\/\/eterle.cz\/eshop\/wp-json\/wp\/v2\/product_tag?post=7520"}],"curies":[{"name":"wp","href":"https:\/\/api.w.org\/{rel}","templated":true}]}}