{"id":7548,"date":"2021-10-20T22:43:39","date_gmt":"2021-10-20T20:43:39","guid":{"rendered":"https:\/\/eterle.cz\/eshop\/produkt\/calounena-zidle\/"},"modified":"2025-02-16T03:04:39","modified_gmt":"2025-02-16T02:04:39","slug":"calounena-zidle","status":"publish","type":"product","link":"https:\/\/eterle.cz\/eshop\/produkt\/calounena-zidle\/","title":{"rendered":"\u010caloun\u011bn\u00e1 \u017eidle"},"content":{"rendered":"<p>\u010caloun\u011bn\u00e1 \u017eidle nebo pro n\u011bkoho k\u0159es\u00edlko poch\u00e1z\u00ed ze 60. let z bruselsk\u00e9 \u00e9ry. V sou\u010dasn\u00e9 dob\u011b se jedn\u00e1 o velmi popul\u00e1rn\u00ed styl a n\u00e1bytek z tohoto obdob\u00ed je \u017e\u00e1dan\u00fd.<\/p>\n<p>Stav: zachoval\u00fd p\u016fvodn\u00ed stav. Dirky po mrtv\u00e9m \u010dervoto\u010di.<br \/>\nRozm\u011br<br \/>\nV\u00fd\u0161ka: 78 cm<br \/>\nV\u00fd\u0161ka sed\u00e1ku: 43 cm<br \/>\n\u0160\u00ed\u0159ka sed\u00e1ku: 52 cm<br \/>\nHloubka sed\u00e1ku: 50 cm<\/p>\n","protected":false},"excerpt":{"rendered":"<p>\u010caloun\u011bn\u00e1 \u017eidle nebo pro n\u011bkoho k\u0159es\u00edlko poch\u00e1z\u00ed ze 60. let z bruselsk\u00e9 \u00e9ry. V sou\u010dasn\u00e9 dob\u011b se jedn\u00e1 o velmi<\/p>\n","protected":false},"featured_media":7549,"template":"","meta":[],"product_brand":[153],"product_cat":[91],"product_tag":[],"class_list":{"0":"post-7548","1":"product","2":"type-product","3":"status-publish","4":"has-post-thumbnail","6":"product_brand-eterle-cz","7":"product_cat-prodane","8":"product_shipping_class-nadrozmerne","10":"first","11":"outofstock","12":"purchasable","13":"product-type-simple"},"_links":{"self":[{"href":"https:\/\/eterle.cz\/eshop\/wp-json\/wp\/v2\/product\/7548","targetHints":{"allow":["GET"]}}],"collection":[{"href":"https:\/\/eterle.cz\/eshop\/wp-json\/wp\/v2\/product"}],"about":[{"href":"https:\/\/eterle.cz\/eshop\/wp-json\/wp\/v2\/types\/product"}],"version-history":[{"count":0,"href":"https:\/\/eterle.cz\/eshop\/wp-json\/wp\/v2\/product\/7548\/revisions"}],"wp:featuredmedia":[{"embeddable":true,"href":"https:\/\/eterle.cz\/eshop\/wp-json\/wp\/v2\/media\/7549"}],"wp:attachment":[{"href":"https:\/\/eterle.cz\/eshop\/wp-json\/wp\/v2\/media?parent=7548"}],"wp:term":[{"taxonomy":"product_brand","embeddable":true,"href":"https:\/\/eterle.cz\/eshop\/wp-json\/wp\/v2\/product_brand?post=7548"},{"taxonomy":"product_cat","embeddable":true,"href":"https:\/\/eterle.cz\/eshop\/wp-json\/wp\/v2\/product_cat?post=7548"},{"taxonomy":"product_tag","embeddable":true,"href":"https:\/\/eterle.cz\/eshop\/wp-json\/wp\/v2\/product_tag?post=7548"}],"curies":[{"name":"wp","href":"https:\/\/api.w.org\/{rel}","templated":true}]}}