{"id":7566,"date":"2021-10-20T22:44:53","date_gmt":"2021-10-20T20:44:53","guid":{"rendered":"https:\/\/eterle.cz\/eshop\/produkt\/porcelanovy-zvonecek-bily\/"},"modified":"2026-01-01T19:21:07","modified_gmt":"2026-01-01T18:21:07","slug":"porcelanovy-zvonecek-bily","status":"publish","type":"product","link":"https:\/\/eterle.cz\/eshop\/produkt\/porcelanovy-zvonecek-bily\/","title":{"rendered":"Porcel\u00e1nov\u00fd zvone\u010dek &#8211; b\u00edl\u00fd"},"content":{"rendered":"<p>Zvone\u010dek z popul\u00e1rn\u00edho Bernadotte reli\u00e9fn\u00edho porcel\u00e1nu z Lesova uv\u00edt\u00e1 nyn\u00ed ka\u017ed\u00fd Je\u017e\u00ed\u0161ek.<\/p>\n<p>Stav: nov\u00fd<br \/>\nRozm\u011br<br \/>\nV\u00fd\u0161ka: 11,5 cm<\/p>\n","protected":false},"excerpt":{"rendered":"<p>Zvone\u010dek z popul\u00e1rn\u00edho Bernadotte reli\u00e9fn\u00edho porcel\u00e1nu z Lesova uv\u00edt\u00e1 nyn\u00ed ka\u017ed\u00fd Je\u017e\u00ed\u0161ek. Stav: nov\u00fd Rozm\u011br V\u00fd\u0161ka: 11,5 cm<\/p>\n","protected":false},"featured_media":7567,"template":"","meta":[],"product_brand":[153],"product_cat":[80,137],"product_tag":[],"class_list":{"0":"post-7566","1":"product","2":"type-product","3":"status-publish","4":"has-post-thumbnail","6":"product_brand-eterle-cz","7":"product_cat-dekorace","8":"product_cat-ostatni-dekorace","10":"first","11":"instock","12":"purchasable","13":"product-type-simple"},"_links":{"self":[{"href":"https:\/\/eterle.cz\/eshop\/wp-json\/wp\/v2\/product\/7566","targetHints":{"allow":["GET"]}}],"collection":[{"href":"https:\/\/eterle.cz\/eshop\/wp-json\/wp\/v2\/product"}],"about":[{"href":"https:\/\/eterle.cz\/eshop\/wp-json\/wp\/v2\/types\/product"}],"version-history":[{"count":1,"href":"https:\/\/eterle.cz\/eshop\/wp-json\/wp\/v2\/product\/7566\/revisions"}],"predecessor-version":[{"id":26116,"href":"https:\/\/eterle.cz\/eshop\/wp-json\/wp\/v2\/product\/7566\/revisions\/26116"}],"wp:featuredmedia":[{"embeddable":true,"href":"https:\/\/eterle.cz\/eshop\/wp-json\/wp\/v2\/media\/7567"}],"wp:attachment":[{"href":"https:\/\/eterle.cz\/eshop\/wp-json\/wp\/v2\/media?parent=7566"}],"wp:term":[{"taxonomy":"product_brand","embeddable":true,"href":"https:\/\/eterle.cz\/eshop\/wp-json\/wp\/v2\/product_brand?post=7566"},{"taxonomy":"product_cat","embeddable":true,"href":"https:\/\/eterle.cz\/eshop\/wp-json\/wp\/v2\/product_cat?post=7566"},{"taxonomy":"product_tag","embeddable":true,"href":"https:\/\/eterle.cz\/eshop\/wp-json\/wp\/v2\/product_tag?post=7566"}],"curies":[{"name":"wp","href":"https:\/\/api.w.org\/{rel}","templated":true}]}}