{"id":7580,"date":"2021-10-20T22:45:53","date_gmt":"2021-10-20T20:45:53","guid":{"rendered":"https:\/\/eterle.cz\/eshop\/produkt\/misa-s-dekorem-schirnding-bavaria\/"},"modified":"2025-02-16T03:04:37","modified_gmt":"2025-02-16T02:04:37","slug":"misa-s-dekorem-schirnding-bavaria","status":"publish","type":"product","link":"https:\/\/eterle.cz\/eshop\/produkt\/misa-s-dekorem-schirnding-bavaria\/","title":{"rendered":"M\u00edsa s dekorem \/ Schirnding Bavaria"},"content":{"rendered":"<p>Ov\u00e1ln\u00e1 m\u00edsa poch\u00e1z\u00ed dle zna\u010den\u00ed z let 1964-1974, p\u0159esto sv\u00fdm jednoduch\u00fdm tvarem a geometrick\u00fdm zdoben\u00edm p\u016fsob\u00ed velmi modern\u011b. Bude skv\u011bl\u00fdm spole\u010dn\u00edkem p\u0159i serv\u00edrov\u00e1n\u00ed jednohubek \u010di cukrov\u00ed. Host\u00edte-li r\u00e1di p\u0159\u00e1tele, tak serv\u00edrovac\u00edch t\u00e1c\u016f nen\u00ed nikdy dost.<\/p>\n<p>Stav: lehk\u00e1 patina (m\u00edrn\u00e9 \u0161kr\u00e1bance a lehce set\u0159en\u00fd vzor na kraji m\u00edsy), bez o\u0165uk\u016f<br \/>\nZna\u010dka: Schirnding Bavaria<br \/>\nRozm\u011br<br \/>\nD\u00e9lka: 31 cm<br \/>\n\u0160\u00ed\u0159ka: 19 cm<\/p>\n","protected":false},"excerpt":{"rendered":"<p>Ov\u00e1ln\u00e1 m\u00edsa poch\u00e1z\u00ed dle zna\u010den\u00ed z let 1964-1974, p\u0159esto sv\u00fdm jednoduch\u00fdm tvarem a geometrick\u00fdm zdoben\u00edm p\u016fsob\u00ed velmi modern\u011b. Bude skv\u011bl\u00fdm<\/p>\n","protected":false},"featured_media":7581,"template":"","meta":[],"product_brand":[153],"product_cat":[91],"product_tag":[],"class_list":{"0":"post-7580","1":"product","2":"type-product","3":"status-publish","4":"has-post-thumbnail","6":"product_brand-eterle-cz","7":"product_cat-prodane","9":"first","10":"outofstock","11":"purchasable","12":"product-type-simple"},"_links":{"self":[{"href":"https:\/\/eterle.cz\/eshop\/wp-json\/wp\/v2\/product\/7580","targetHints":{"allow":["GET"]}}],"collection":[{"href":"https:\/\/eterle.cz\/eshop\/wp-json\/wp\/v2\/product"}],"about":[{"href":"https:\/\/eterle.cz\/eshop\/wp-json\/wp\/v2\/types\/product"}],"version-history":[{"count":0,"href":"https:\/\/eterle.cz\/eshop\/wp-json\/wp\/v2\/product\/7580\/revisions"}],"wp:featuredmedia":[{"embeddable":true,"href":"https:\/\/eterle.cz\/eshop\/wp-json\/wp\/v2\/media\/7581"}],"wp:attachment":[{"href":"https:\/\/eterle.cz\/eshop\/wp-json\/wp\/v2\/media?parent=7580"}],"wp:term":[{"taxonomy":"product_brand","embeddable":true,"href":"https:\/\/eterle.cz\/eshop\/wp-json\/wp\/v2\/product_brand?post=7580"},{"taxonomy":"product_cat","embeddable":true,"href":"https:\/\/eterle.cz\/eshop\/wp-json\/wp\/v2\/product_cat?post=7580"},{"taxonomy":"product_tag","embeddable":true,"href":"https:\/\/eterle.cz\/eshop\/wp-json\/wp\/v2\/product_tag?post=7580"}],"curies":[{"name":"wp","href":"https:\/\/api.w.org\/{rel}","templated":true}]}}