{"id":7584,"date":"2021-10-20T22:46:09","date_gmt":"2021-10-20T20:46:09","guid":{"rendered":"https:\/\/eterle.cz\/eshop\/produkt\/misa-kapr-1996-epiag\/"},"modified":"2026-01-01T19:20:14","modified_gmt":"2026-01-01T18:20:14","slug":"misa-kapr-1996-epiag","status":"publish","type":"product","link":"https:\/\/eterle.cz\/eshop\/produkt\/misa-kapr-1996-epiag\/","title":{"rendered":"M\u00edsa kapr 1996 \/ Epiag"},"content":{"rendered":"<p>Velk\u00e1 porcel\u00e1nov\u00e1 m\u00edsa s motivem kapra bude pro po\u010detnou rodinu ide\u00e1ln\u00ed na \u0161t\u011bdrove\u010dern\u00ed st\u016fl. M\u00edsa je ze siln\u00e9ho st\u0159epu a je pom\u011brn\u011b t\u011b\u017ek\u00e1, ze spodn\u00ed \u010d\u00e1sti m\u00e1 vyra\u017een rok 1996. N\u00e1sleduj\u00edc\u00ed rok byla v\u00fdroba t\u00e9to porcel\u00e1nky zastavena, proto budou v\u00fdrobky t\u00e9to zna\u010dky st\u00e1le vz\u00e1cn\u011bj\u0161\u00ed.<\/p>\n<p>Stav: lehk\u00e1 patina (drobn\u00e9 \u0161kr\u00e1bance), bez o\u0165uk\u016f<br \/>\nZna\u010dka: Epiag<br \/>\nRozm\u011br<br \/>\nD\u00e9lka: 54,5 cm<br \/>\n\u0160\u00ed\u0159ka: 22cm<\/p>\n","protected":false},"excerpt":{"rendered":"<p>Velk\u00e1 porcel\u00e1nov\u00e1 m\u00edsa s motivem kapra bude pro po\u010detnou rodinu ide\u00e1ln\u00ed na \u0161t\u011bdrove\u010dern\u00ed st\u016fl. M\u00edsa je ze siln\u00e9ho st\u0159epu a<\/p>\n","protected":false},"featured_media":7585,"template":"","meta":[],"product_brand":[153],"product_cat":[76,110],"product_tag":[],"class_list":{"0":"post-7584","1":"product","2":"type-product","3":"status-publish","4":"has-post-thumbnail","6":"product_brand-eterle-cz","7":"product_cat-porcelan","8":"product_cat-misy","9":"product_shipping_class-nadrozmerne","11":"first","12":"instock","13":"purchasable","14":"product-type-simple"},"_links":{"self":[{"href":"https:\/\/eterle.cz\/eshop\/wp-json\/wp\/v2\/product\/7584","targetHints":{"allow":["GET"]}}],"collection":[{"href":"https:\/\/eterle.cz\/eshop\/wp-json\/wp\/v2\/product"}],"about":[{"href":"https:\/\/eterle.cz\/eshop\/wp-json\/wp\/v2\/types\/product"}],"version-history":[{"count":1,"href":"https:\/\/eterle.cz\/eshop\/wp-json\/wp\/v2\/product\/7584\/revisions"}],"predecessor-version":[{"id":26113,"href":"https:\/\/eterle.cz\/eshop\/wp-json\/wp\/v2\/product\/7584\/revisions\/26113"}],"wp:featuredmedia":[{"embeddable":true,"href":"https:\/\/eterle.cz\/eshop\/wp-json\/wp\/v2\/media\/7585"}],"wp:attachment":[{"href":"https:\/\/eterle.cz\/eshop\/wp-json\/wp\/v2\/media?parent=7584"}],"wp:term":[{"taxonomy":"product_brand","embeddable":true,"href":"https:\/\/eterle.cz\/eshop\/wp-json\/wp\/v2\/product_brand?post=7584"},{"taxonomy":"product_cat","embeddable":true,"href":"https:\/\/eterle.cz\/eshop\/wp-json\/wp\/v2\/product_cat?post=7584"},{"taxonomy":"product_tag","embeddable":true,"href":"https:\/\/eterle.cz\/eshop\/wp-json\/wp\/v2\/product_tag?post=7584"}],"curies":[{"name":"wp","href":"https:\/\/api.w.org\/{rel}","templated":true}]}}