{"id":7588,"date":"2021-10-20T22:46:31","date_gmt":"2021-10-20T20:46:31","guid":{"rendered":"https:\/\/eterle.cz\/eshop\/produkt\/misa-na-salat-kaiser\/"},"modified":"2025-02-16T03:04:36","modified_gmt":"2025-02-16T02:04:36","slug":"misa-na-salat-kaiser","status":"publish","type":"product","link":"https:\/\/eterle.cz\/eshop\/produkt\/misa-na-salat-kaiser\/","title":{"rendered":"M\u00edsa na sal\u00e1t \/ Kaiser"},"content":{"rendered":"<p>Porcel\u00e1nov\u00e1 m\u00edsa od n\u011bmeck\u00e9 zna\u010dky Kaiser je sice bez v\u00ed\u010dka, ale na kr\u00e1se ani vyu\u017eit\u00ed ji to neub\u00edr\u00e1. Bude se hodit na ovoce, \u0159\u00edzky nebo na bramborov\u00fd sal\u00e1t. C\u00edlem spole\u010dnosti Kaiser bylo v\u017edy poskytovat \u0161pi\u010dkov\u00fd porcel\u00e1n a nab\u00edzet v\u00fdrobky, kter\u00e9 obstoj\u00ed ve zkou\u0161ce \u010dasu a uspokoj\u00ed pot\u0159ebu atraktivn\u00edho a funk\u010dn\u00edho porcel\u00e1nu pro dom\u00e1cnost. Za n\u00e1s dan\u00fd c\u00edl tato m\u00edsa splnila.<\/p>\n<p>Stav: dobr\u00fd, bez po\u0161kozen\u00ed<br \/>\nZna\u010dka: <a href=\"https:\/\/eterle.cz\/eshop\/2021\/07\/29\/kaiser\/\">Kaiser, Germany<\/a><br \/>\nRozm\u011br<br \/>\nD\u00e9lka: 34,5 cm (v\u010detn\u011b uch)<br \/>\n\u0160\u00ed\u0159ka: 20 cm<br \/>\nObjem: 2,5 l<\/p>\n","protected":false},"excerpt":{"rendered":"<p>Porcel\u00e1nov\u00e1 m\u00edsa od n\u011bmeck\u00e9 zna\u010dky Kaiser je sice bez v\u00ed\u010dka, ale na kr\u00e1se ani vyu\u017eit\u00ed ji to neub\u00edr\u00e1. Bude se<\/p>\n","protected":false},"featured_media":7589,"template":"","meta":[],"product_brand":[153],"product_cat":[91],"product_tag":[],"class_list":{"0":"post-7588","1":"product","2":"type-product","3":"status-publish","4":"has-post-thumbnail","6":"product_brand-eterle-cz","7":"product_cat-prodane","9":"first","10":"outofstock","11":"purchasable","12":"product-type-simple"},"_links":{"self":[{"href":"https:\/\/eterle.cz\/eshop\/wp-json\/wp\/v2\/product\/7588","targetHints":{"allow":["GET"]}}],"collection":[{"href":"https:\/\/eterle.cz\/eshop\/wp-json\/wp\/v2\/product"}],"about":[{"href":"https:\/\/eterle.cz\/eshop\/wp-json\/wp\/v2\/types\/product"}],"version-history":[{"count":0,"href":"https:\/\/eterle.cz\/eshop\/wp-json\/wp\/v2\/product\/7588\/revisions"}],"wp:featuredmedia":[{"embeddable":true,"href":"https:\/\/eterle.cz\/eshop\/wp-json\/wp\/v2\/media\/7589"}],"wp:attachment":[{"href":"https:\/\/eterle.cz\/eshop\/wp-json\/wp\/v2\/media?parent=7588"}],"wp:term":[{"taxonomy":"product_brand","embeddable":true,"href":"https:\/\/eterle.cz\/eshop\/wp-json\/wp\/v2\/product_brand?post=7588"},{"taxonomy":"product_cat","embeddable":true,"href":"https:\/\/eterle.cz\/eshop\/wp-json\/wp\/v2\/product_cat?post=7588"},{"taxonomy":"product_tag","embeddable":true,"href":"https:\/\/eterle.cz\/eshop\/wp-json\/wp\/v2\/product_tag?post=7588"}],"curies":[{"name":"wp","href":"https:\/\/api.w.org\/{rel}","templated":true}]}}