{"id":7594,"date":"2021-10-20T22:47:04","date_gmt":"2021-10-20T20:47:04","guid":{"rendered":"https:\/\/eterle.cz\/eshop\/produkt\/ovalna-misa-thun\/"},"modified":"2025-02-16T03:04:36","modified_gmt":"2025-02-16T02:04:36","slug":"ovalna-misa-thun","status":"publish","type":"product","link":"https:\/\/eterle.cz\/eshop\/produkt\/ovalna-misa-thun\/","title":{"rendered":"Ov\u00e1ln\u00e1 m\u00edsa \/ Thun"},"content":{"rendered":"<p>Slavnostn\u00ed ov\u00e1ln\u00e1 m\u00edsa nebo chcete-li serv\u00edrovac\u00ed t\u00e1c, poch\u00e1z\u00ed z porcel\u00e1nky Thun, kter\u00e1 se v sou\u010dasn\u00e9 dob\u011b \u0159ad\u00ed mezi nejstar\u0161\u00ed a nejv\u011bt\u0161\u00ed \u010desk\u00e9 v\u00fdrobce porcel\u00e1nu. Je dekorov\u00e1n zlatou linkou v kombinaci s kobaltov\u011b modr\u00fdm prou\u017ekem, bude se tedy dob\u0159e kombinovat jak s \u010dist\u011b b\u00edl\u00fdm nebo se zlacen\u00fdm porcel\u00e1nem. Kr\u00e1sn\u00fd bude na stole i samostatn\u011b t\u0159eba s v\u00e1no\u010dn\u00edm cukrov\u00edm.<\/p>\n<p>Stav: nov\u00e1<br \/>\nZna\u010dka: Thun<br \/>\nRozm\u011br<br \/>\nD\u00e9lka: 35 cm<br \/>\n\u0160\u00ed\u0159ka: 26,6 cm<\/p>\n","protected":false},"excerpt":{"rendered":"<p>Slavnostn\u00ed ov\u00e1ln\u00e1 m\u00edsa nebo chcete-li serv\u00edrovac\u00ed t\u00e1c, poch\u00e1z\u00ed z porcel\u00e1nky Thun, kter\u00e1 se v sou\u010dasn\u00e9 dob\u011b \u0159ad\u00ed mezi nejstar\u0161\u00ed a<\/p>\n","protected":false},"featured_media":7595,"template":"","meta":[],"product_brand":[153],"product_cat":[91],"product_tag":[],"class_list":{"0":"post-7594","1":"product","2":"type-product","3":"status-publish","4":"has-post-thumbnail","6":"product_brand-eterle-cz","7":"product_cat-prodane","9":"first","10":"outofstock","11":"purchasable","12":"product-type-simple"},"_links":{"self":[{"href":"https:\/\/eterle.cz\/eshop\/wp-json\/wp\/v2\/product\/7594","targetHints":{"allow":["GET"]}}],"collection":[{"href":"https:\/\/eterle.cz\/eshop\/wp-json\/wp\/v2\/product"}],"about":[{"href":"https:\/\/eterle.cz\/eshop\/wp-json\/wp\/v2\/types\/product"}],"version-history":[{"count":0,"href":"https:\/\/eterle.cz\/eshop\/wp-json\/wp\/v2\/product\/7594\/revisions"}],"wp:featuredmedia":[{"embeddable":true,"href":"https:\/\/eterle.cz\/eshop\/wp-json\/wp\/v2\/media\/7595"}],"wp:attachment":[{"href":"https:\/\/eterle.cz\/eshop\/wp-json\/wp\/v2\/media?parent=7594"}],"wp:term":[{"taxonomy":"product_brand","embeddable":true,"href":"https:\/\/eterle.cz\/eshop\/wp-json\/wp\/v2\/product_brand?post=7594"},{"taxonomy":"product_cat","embeddable":true,"href":"https:\/\/eterle.cz\/eshop\/wp-json\/wp\/v2\/product_cat?post=7594"},{"taxonomy":"product_tag","embeddable":true,"href":"https:\/\/eterle.cz\/eshop\/wp-json\/wp\/v2\/product_tag?post=7594"}],"curies":[{"name":"wp","href":"https:\/\/api.w.org\/{rel}","templated":true}]}}